{"id":30945,"date":"2025-09-18T13:34:33","date_gmt":"2025-09-18T12:34:33","guid":{"rendered":"https:\/\/cricoekszer.hu\/?page_id=30945"},"modified":"2025-09-18T14:41:18","modified_gmt":"2025-09-18T13:41:18","slug":"atalakitas-alatt","status":"publish","type":"page","link":"https:\/\/cricoekszer.hu\/index.php\/atalakitas-alatt\/","title":{"rendered":"\u00c1talak\u00edt\u00e1s Alatt!"},"content":{"rendered":"<p>[et_pb_section fb_built=&#8221;1&#8243; admin_label=&#8221;section&#8221; _builder_version=&#8221;4.27.4&#8243; custom_css_main_element=&#8221;margin-top: 25vh;||margin-bottom: auto;&#8221; global_colors_info=&#8221;{}&#8221;][et_pb_row admin_label=&#8221;row&#8221; _builder_version=&#8221;4.16&#8243; background_size=&#8221;initial&#8221; background_position=&#8221;top_left&#8221; background_repeat=&#8221;repeat&#8221; global_colors_info=&#8221;{}&#8221;][et_pb_column type=&#8221;4_4&#8243; _builder_version=&#8221;4.16&#8243; custom_padding=&#8221;|||&#8221; global_colors_info=&#8221;{}&#8221; custom_padding__hover=&#8221;|||&#8221;][et_pb_heading title=&#8221;Az oldal jelenleg \u00e1talak\u00edt\u00e1s alatt \u00e1ll&#8221; _builder_version=&#8221;4.27.4&#8243; _module_preset=&#8221;default&#8221; title_text_align=&#8221;center&#8221; global_colors_info=&#8221;{}&#8221;][\/et_pb_heading][et_pb_text _builder_version=&#8221;4.27.4&#8243; _module_preset=&#8221;default&#8221; global_colors_info=&#8221;{}&#8221;]<\/p>\n<p style=\"text-align: center;\">Az ideiglenes kellemetlens\u00e9g\u00e9rt eln\u00e9z\u00e9st k\u00e9r\u00fcnk.<\/p>\n<p style=\"text-align: center;\">\n<p style=\"text-align: center;\">Az al\u00e1bbi fel\u00fcleteken tov\u00e1bbra is el\u00e9rhet\u0151ek vagyunk:<\/p>\n<p>[\/et_pb_text][\/et_pb_column][\/et_pb_row][et_pb_row column_structure=&#8221;1_3,1_3,1_3&#8243; _builder_version=&#8221;4.27.4&#8243; _module_preset=&#8221;default&#8221; custom_padding=&#8221;0px|||||&#8221; global_colors_info=&#8221;{}&#8221;][et_pb_column type=&#8221;1_3&#8243; _builder_version=&#8221;4.27.4&#8243; _module_preset=&#8221;default&#8221; global_colors_info=&#8221;{}&#8221;][et_pb_cta title=&#8221;Telefon&#8221; button_text=&#8221;Kattint\u00e1sok&#8221; _builder_version=&#8221;4.27.4&#8243; _module_preset=&#8221;default&#8221; body_line_height=&#8221;1em&#8221; background_color=&#8221;#FFFFFF&#8221; background_layout=&#8221;light&#8221; link_option_url=&#8221;https:\/\/www.instagram.com\/cricoekszer\/&#8221; global_colors_info=&#8221;{}&#8221;]<\/p>\n<p><span>Tegzes Csabi: 06 30 851 4863<\/span><\/p>\n<p><span>Tegzes Brigi: 06 70 703 7198<\/span><\/p>\n<p>[\/et_pb_cta][\/et_pb_column][et_pb_column type=&#8221;1_3&#8243; _builder_version=&#8221;4.27.4&#8243; _module_preset=&#8221;default&#8221; global_colors_info=&#8221;{}&#8221;][et_pb_cta title=&#8221;Facebook&#8221; button_text=&#8221;Kattint\u00e1sok&#8221; _builder_version=&#8221;4.27.4&#8243; _module_preset=&#8221;default&#8221; background_color=&#8221;#FFFFFF&#8221; background_layout=&#8221;light&#8221; link_option_url=&#8221;https:\/\/www.facebook.com\/cricojewelry&#8221; hover_enabled=&#8221;0&#8243; global_colors_info=&#8221;{}&#8221; sticky_enabled=&#8221;0&#8243;]<\/p>\n<p>Crico \u00c9kszer<\/p>\n<p>[\/et_pb_cta][\/et_pb_column][et_pb_column type=&#8221;1_3&#8243; _builder_version=&#8221;4.27.4&#8243; _module_preset=&#8221;default&#8221; global_colors_info=&#8221;{}&#8221;][et_pb_cta title=&#8221;E-mail&#8221; button_text=&#8221;Kattint\u00e1sok&#8221; _builder_version=&#8221;4.27.4&#8243; _module_preset=&#8221;default&#8221; background_color=&#8221;#FFFFFF&#8221; background_layout=&#8221;light&#8221; link_option_url=&#8221;https:\/\/www.instagram.com\/cricoekszer\/&#8221; global_colors_info=&#8221;{}&#8221;]<\/p>\n<p>info@cricoekszer.hu<\/p>\n<p>[\/et_pb_cta][\/et_pb_column][\/et_pb_row][\/et_pb_section]<\/p>\n","protected":false},"excerpt":{"rendered":"<p>Az ideiglenes kellemetlens\u00e9g\u00e9rt eln\u00e9z\u00e9st k\u00e9r\u00fcnk. Az al\u00e1bbi fel\u00fcleteken tov\u00e1bbra is el\u00e9rhet\u0151ek vagyunk:Tegzes Csabi: 06 30 851 4863 Tegzes Brigi: 06 70 703 7198Crico \u00c9kszerinfo@cricoekszer.hu<\/p>\n","protected":false},"author":1,"featured_media":0,"parent":0,"menu_order":0,"comment_status":"closed","ping_status":"closed","template":"page-template-blank.php","meta":{"_et_pb_use_builder":"on","_et_pb_old_content":"","_et_gb_content_width":"","footnotes":""},"class_list":["post-30945","page","type-page","status-publish","hentry"],"yoast_head":"<!-- This site is optimized with the Yoast SEO plugin v27.0 - https:\/\/yoast.com\/product\/yoast-seo-wordpress\/ -->\n<title>\u00c1talak\u00edt\u00e1s Alatt! - Crico<\/title>\n<meta name=\"robots\" content=\"index, follow, max-snippet:-1, max-image-preview:large, max-video-preview:-1\" \/>\n<link rel=\"canonical\" href=\"https:\/\/cricoekszer.hu\/index.php\/atalakitas-alatt\/\" \/>\n<meta property=\"og:locale\" content=\"hu_HU\" \/>\n<meta property=\"og:type\" content=\"article\" \/>\n<meta property=\"og:title\" content=\"\u00c1talak\u00edt\u00e1s Alatt! - Crico\" \/>\n<meta property=\"og:description\" content=\"Az ideiglenes kellemetlens\u00e9g\u00e9rt eln\u00e9z\u00e9st k\u00e9r\u00fcnk. Az al\u00e1bbi fel\u00fcleteken tov\u00e1bbra is el\u00e9rhet\u0151ek vagyunk:Tegzes Csabi: 06 30 851 4863 Tegzes Brigi: 06 70 703 7198Crico \u00c9kszerinfo@cricoekszer.hu\" \/>\n<meta property=\"og:url\" content=\"https:\/\/cricoekszer.hu\/index.php\/atalakitas-alatt\/\" \/>\n<meta property=\"og:site_name\" content=\"Crico\" \/>\n<meta property=\"article:publisher\" content=\"https:\/\/www.facebook.com\/cricojewelry\" \/>\n<meta property=\"article:modified_time\" content=\"2025-09-18T13:41:18+00:00\" \/>\n<meta property=\"og:image\" content=\"https:\/\/cricoekszer.hu\/wp-content\/uploads\/2017\/02\/Crico-logo_vastagabb-feh\u00e9r-kerettel_h\u00e1tt\u00e9r-n\u00e9lk\u00fcl_20-kicsi.png\" \/>\n\t<meta property=\"og:image:width\" content=\"454\" \/>\n\t<meta property=\"og:image:height\" content=\"454\" \/>\n\t<meta property=\"og:image:type\" content=\"image\/png\" \/>\n<meta name=\"twitter:card\" content=\"summary_large_image\" \/>\n<meta name=\"twitter:label1\" content=\"Becs\u00fclt olvas\u00e1si id\u0151\" \/>\n\t<meta name=\"twitter:data1\" content=\"1 perc\" \/>\n<script type=\"application\/ld+json\" class=\"yoast-schema-graph\">{\"@context\":\"https:\/\/schema.org\",\"@graph\":[{\"@type\":\"WebPage\",\"@id\":\"https:\/\/cricoekszer.hu\/index.php\/atalakitas-alatt\/\",\"url\":\"https:\/\/cricoekszer.hu\/index.php\/atalakitas-alatt\/\",\"name\":\"\u00c1talak\u00edt\u00e1s Alatt! - Crico\",\"isPartOf\":{\"@id\":\"https:\/\/cricoekszer.hu\/#website\"},\"datePublished\":\"2025-09-18T12:34:33+00:00\",\"dateModified\":\"2025-09-18T13:41:18+00:00\",\"breadcrumb\":{\"@id\":\"https:\/\/cricoekszer.hu\/index.php\/atalakitas-alatt\/#breadcrumb\"},\"inLanguage\":\"hu\",\"potentialAction\":[{\"@type\":\"ReadAction\",\"target\":[\"https:\/\/cricoekszer.hu\/index.php\/atalakitas-alatt\/\"]}]},{\"@type\":\"BreadcrumbList\",\"@id\":\"https:\/\/cricoekszer.hu\/index.php\/atalakitas-alatt\/#breadcrumb\",\"itemListElement\":[{\"@type\":\"ListItem\",\"position\":1,\"name\":\"Kezd\u0151lap\",\"item\":\"https:\/\/cricoekszer.hu\/\"},{\"@type\":\"ListItem\",\"position\":2,\"name\":\"\u00c1talak\u00edt\u00e1s Alatt!\"}]},{\"@type\":\"WebSite\",\"@id\":\"https:\/\/cricoekszer.hu\/#website\",\"url\":\"https:\/\/cricoekszer.hu\/\",\"name\":\"Crico\",\"description\":\"Egyedi gy\u00e9m\u00e1nt gy\u0171r\u0171k\",\"publisher\":{\"@id\":\"https:\/\/cricoekszer.hu\/#organization\"},\"potentialAction\":[{\"@type\":\"SearchAction\",\"target\":{\"@type\":\"EntryPoint\",\"urlTemplate\":\"https:\/\/cricoekszer.hu\/?s={search_term_string}\"},\"query-input\":{\"@type\":\"PropertyValueSpecification\",\"valueRequired\":true,\"valueName\":\"search_term_string\"}}],\"inLanguage\":\"hu\"},{\"@type\":\"Organization\",\"@id\":\"https:\/\/cricoekszer.hu\/#organization\",\"name\":\"CRICO \u00c9kszer\",\"url\":\"https:\/\/cricoekszer.hu\/\",\"logo\":{\"@type\":\"ImageObject\",\"inLanguage\":\"hu\",\"@id\":\"https:\/\/cricoekszer.hu\/#\/schema\/logo\/image\/\",\"url\":\"https:\/\/cricoekszer.hu\/wp-content\/uploads\/2017\/02\/Crico-logo_vastagabb-feh\u00e9r-kerettel_h\u00e1tt\u00e9r-n\u00e9lk\u00fcl_20-kicsi.png\",\"contentUrl\":\"https:\/\/cricoekszer.hu\/wp-content\/uploads\/2017\/02\/Crico-logo_vastagabb-feh\u00e9r-kerettel_h\u00e1tt\u00e9r-n\u00e9lk\u00fcl_20-kicsi.png\",\"width\":454,\"height\":454,\"caption\":\"CRICO \u00c9kszer\"},\"image\":{\"@id\":\"https:\/\/cricoekszer.hu\/#\/schema\/logo\/image\/\"},\"sameAs\":[\"https:\/\/www.facebook.com\/cricojewelry\"]}]}<\/script>\n<!-- \/ Yoast SEO plugin. -->","yoast_head_json":{"title":"\u00c1talak\u00edt\u00e1s Alatt! - Crico","robots":{"index":"index","follow":"follow","max-snippet":"max-snippet:-1","max-image-preview":"max-image-preview:large","max-video-preview":"max-video-preview:-1"},"canonical":"https:\/\/cricoekszer.hu\/index.php\/atalakitas-alatt\/","og_locale":"hu_HU","og_type":"article","og_title":"\u00c1talak\u00edt\u00e1s Alatt! - Crico","og_description":"Az ideiglenes kellemetlens\u00e9g\u00e9rt eln\u00e9z\u00e9st k\u00e9r\u00fcnk. Az al\u00e1bbi fel\u00fcleteken tov\u00e1bbra is el\u00e9rhet\u0151ek vagyunk:Tegzes Csabi: 06 30 851 4863 Tegzes Brigi: 06 70 703 7198Crico \u00c9kszerinfo@cricoekszer.hu","og_url":"https:\/\/cricoekszer.hu\/index.php\/atalakitas-alatt\/","og_site_name":"Crico","article_publisher":"https:\/\/www.facebook.com\/cricojewelry","article_modified_time":"2025-09-18T13:41:18+00:00","og_image":[{"width":454,"height":454,"url":"https:\/\/cricoekszer.hu\/wp-content\/uploads\/2017\/02\/Crico-logo_vastagabb-feh\u00e9r-kerettel_h\u00e1tt\u00e9r-n\u00e9lk\u00fcl_20-kicsi.png","type":"image\/png"}],"twitter_card":"summary_large_image","twitter_misc":{"Becs\u00fclt olvas\u00e1si id\u0151":"1 perc"},"schema":{"@context":"https:\/\/schema.org","@graph":[{"@type":"WebPage","@id":"https:\/\/cricoekszer.hu\/index.php\/atalakitas-alatt\/","url":"https:\/\/cricoekszer.hu\/index.php\/atalakitas-alatt\/","name":"\u00c1talak\u00edt\u00e1s Alatt! - Crico","isPartOf":{"@id":"https:\/\/cricoekszer.hu\/#website"},"datePublished":"2025-09-18T12:34:33+00:00","dateModified":"2025-09-18T13:41:18+00:00","breadcrumb":{"@id":"https:\/\/cricoekszer.hu\/index.php\/atalakitas-alatt\/#breadcrumb"},"inLanguage":"hu","potentialAction":[{"@type":"ReadAction","target":["https:\/\/cricoekszer.hu\/index.php\/atalakitas-alatt\/"]}]},{"@type":"BreadcrumbList","@id":"https:\/\/cricoekszer.hu\/index.php\/atalakitas-alatt\/#breadcrumb","itemListElement":[{"@type":"ListItem","position":1,"name":"Kezd\u0151lap","item":"https:\/\/cricoekszer.hu\/"},{"@type":"ListItem","position":2,"name":"\u00c1talak\u00edt\u00e1s Alatt!"}]},{"@type":"WebSite","@id":"https:\/\/cricoekszer.hu\/#website","url":"https:\/\/cricoekszer.hu\/","name":"Crico","description":"Egyedi gy\u00e9m\u00e1nt gy\u0171r\u0171k","publisher":{"@id":"https:\/\/cricoekszer.hu\/#organization"},"potentialAction":[{"@type":"SearchAction","target":{"@type":"EntryPoint","urlTemplate":"https:\/\/cricoekszer.hu\/?s={search_term_string}"},"query-input":{"@type":"PropertyValueSpecification","valueRequired":true,"valueName":"search_term_string"}}],"inLanguage":"hu"},{"@type":"Organization","@id":"https:\/\/cricoekszer.hu\/#organization","name":"CRICO \u00c9kszer","url":"https:\/\/cricoekszer.hu\/","logo":{"@type":"ImageObject","inLanguage":"hu","@id":"https:\/\/cricoekszer.hu\/#\/schema\/logo\/image\/","url":"https:\/\/cricoekszer.hu\/wp-content\/uploads\/2017\/02\/Crico-logo_vastagabb-feh\u00e9r-kerettel_h\u00e1tt\u00e9r-n\u00e9lk\u00fcl_20-kicsi.png","contentUrl":"https:\/\/cricoekszer.hu\/wp-content\/uploads\/2017\/02\/Crico-logo_vastagabb-feh\u00e9r-kerettel_h\u00e1tt\u00e9r-n\u00e9lk\u00fcl_20-kicsi.png","width":454,"height":454,"caption":"CRICO \u00c9kszer"},"image":{"@id":"https:\/\/cricoekszer.hu\/#\/schema\/logo\/image\/"},"sameAs":["https:\/\/www.facebook.com\/cricojewelry"]}]}},"_links":{"self":[{"href":"https:\/\/cricoekszer.hu\/index.php\/wp-json\/wp\/v2\/pages\/30945","targetHints":{"allow":["GET"]}}],"collection":[{"href":"https:\/\/cricoekszer.hu\/index.php\/wp-json\/wp\/v2\/pages"}],"about":[{"href":"https:\/\/cricoekszer.hu\/index.php\/wp-json\/wp\/v2\/types\/page"}],"author":[{"embeddable":true,"href":"https:\/\/cricoekszer.hu\/index.php\/wp-json\/wp\/v2\/users\/1"}],"replies":[{"embeddable":true,"href":"https:\/\/cricoekszer.hu\/index.php\/wp-json\/wp\/v2\/comments?post=30945"}],"version-history":[{"count":7,"href":"https:\/\/cricoekszer.hu\/index.php\/wp-json\/wp\/v2\/pages\/30945\/revisions"}],"predecessor-version":[{"id":30989,"href":"https:\/\/cricoekszer.hu\/index.php\/wp-json\/wp\/v2\/pages\/30945\/revisions\/30989"}],"wp:attachment":[{"href":"https:\/\/cricoekszer.hu\/index.php\/wp-json\/wp\/v2\/media?parent=30945"}],"curies":[{"name":"wp","href":"https:\/\/api.w.org\/{rel}","templated":true}]}}