{"id":30163,"date":"2021-01-22T18:05:34","date_gmt":"2021-01-22T17:05:34","guid":{"rendered":"https:\/\/cricoekszer.hu\/?page_id=30163"},"modified":"2025-10-30T15:52:06","modified_gmt":"2025-10-30T14:52:06","slug":"sarga-es-rose-arany-karikagyuruk","status":"publish","type":"page","link":"https:\/\/cricoekszer.hu\/index.php\/sarga-es-rose-arany-karikagyuruk\/","title":{"rendered":"S\u00e1rga \u00e9s Ros\u00e9 arany"},"content":{"rendered":"<p>[et_pb_section fb_built=&#8221;1&#8243; admin_label=&#8221;section&#8221; _builder_version=&#8221;4.27.4&#8243; background_color=&#8221;#FFFFFF&#8221; custom_padding=&#8221;||||false|false&#8221; transparent_background=&#8221;on&#8221; make_fullwidth=&#8221;off&#8221; use_custom_width=&#8221;off&#8221; width_unit=&#8221;off&#8221; custom_width_px=&#8221;1080px&#8221; custom_width_percent=&#8221;80%&#8221; global_colors_info=&#8221;{}&#8221;][et_pb_row admin_label=&#8221;row&#8221; _builder_version=&#8221;4.27.4&#8243; background_size=&#8221;initial&#8221; background_position=&#8221;top_left&#8221; background_repeat=&#8221;repeat&#8221; custom_padding=&#8221;||||false|false&#8221; make_fullwidth=&#8221;off&#8221; use_custom_width=&#8221;off&#8221; width_unit=&#8221;off&#8221; custom_width_px=&#8221;1080px&#8221; custom_width_percent=&#8221;80%&#8221; global_colors_info=&#8221;{}&#8221;][et_pb_column type=&#8221;4_4&#8243; _builder_version=&#8221;4.16&#8243; custom_padding=&#8221;|||&#8221; global_colors_info=&#8221;{}&#8221; custom_padding__hover=&#8221;|||&#8221;][et_pb_heading title=&#8221;s\u00e1rga \u00e9s ros\u00e9 arany karikagy\u0171r\u0171k&#8221; _builder_version=&#8221;4.27.4&#8243; _module_preset=&#8221;default&#8221; title_font=&#8221;|||on|||||&#8221; title_text_align=&#8221;center&#8221; title_text_color=&#8221;#0F4C5C&#8221; title_line_height=&#8221;1.4em&#8221; locked=&#8221;off&#8221; global_colors_info=&#8221;{}&#8221;][\/et_pb_heading][et_pb_gallery gallery_ids=&#8221;31137,31138,31139,31140,31141,31142,31143,31144,31145,31146,31147,31148,31149,31150,31151,31152&#8243; posts_number=&#8221;100&#8243; show_title_and_caption=&#8221;off&#8221; show_pagination=&#8221;off&#8221; hover_overlay_color=&#8221;RGBA(255,255,255,0)&#8221; hover_icon=&#8221;&#x54;||divi||400&#8243; _builder_version=&#8221;4.27.4&#8243; _module_preset=&#8221;default&#8221; global_colors_info=&#8221;{}&#8221;][\/et_pb_gallery][\/et_pb_column][\/et_pb_row][\/et_pb_section][et_pb_section fb_built=&#8221;1&#8243; admin_label=&#8221;section&#8221; _builder_version=&#8221;4.27.4&#8243; background_color=&#8221;#FFFFFF&#8221; custom_padding=&#8221;||||false|false&#8221; transparent_background=&#8221;on&#8221; make_fullwidth=&#8221;off&#8221; use_custom_width=&#8221;off&#8221; width_unit=&#8221;off&#8221; custom_width_px=&#8221;1080px&#8221; custom_width_percent=&#8221;80%&#8221; global_colors_info=&#8221;{}&#8221;][et_pb_row admin_label=&#8221;row&#8221; _builder_version=&#8221;4.27.4&#8243; background_size=&#8221;initial&#8221; background_position=&#8221;top_left&#8221; background_repeat=&#8221;repeat&#8221; custom_padding=&#8221;||||false|false&#8221; make_fullwidth=&#8221;off&#8221; use_custom_width=&#8221;off&#8221; width_unit=&#8221;off&#8221; custom_width_px=&#8221;1080px&#8221; custom_width_percent=&#8221;80%&#8221; global_colors_info=&#8221;{}&#8221;][et_pb_column type=&#8221;4_4&#8243; _builder_version=&#8221;4.16&#8243; custom_padding=&#8221;|||&#8221; global_colors_info=&#8221;{}&#8221; custom_padding__hover=&#8221;|||&#8221;][et_pb_heading title=&#8221;kor\u00e1bbi munk\u00e1ink&#8221; _builder_version=&#8221;4.27.4&#8243; _module_preset=&#8221;default&#8221; title_font=&#8221;|||on|||||&#8221; title_text_align=&#8221;center&#8221; title_text_color=&#8221;#0F4C5C&#8221; title_line_height=&#8221;1.4em&#8221; hover_enabled=&#8221;0&#8243; locked=&#8221;off&#8221; global_colors_info=&#8221;{}&#8221; sticky_enabled=&#8221;0&#8243;][\/et_pb_heading][et_pb_gallery posts_number=&#8221;100&#8243; show_title_and_caption=&#8221;off&#8221; show_pagination=&#8221;off&#8221; hover_overlay_color=&#8221;RGBA(255,255,255,0)&#8221; hover_icon=&#8221;&#x54;||divi||400&#8243; _builder_version=&#8221;4.27.4&#8243; _module_preset=&#8221;default&#8221; global_colors_info=&#8221;{}&#8221; gallery_ids=&#8221;32108,32109,32110,32111,32112,32113,32114,32115,32116,32117,32118,32119,32120,32121,32122,32123,32124,32125,32126,32127,32128,32129,32130,32131,32132,32133,32134,32135,32136,32137,32138,32139,32140,32141,32142,32143,32144,32145,32146,32147,32148,32149,32150,32151,32152,32153,32154,32155,32156,32157,32158&#8243;][\/et_pb_gallery][\/et_pb_column][\/et_pb_row][\/et_pb_section][et_pb_section fb_built=&#8221;1&#8243; _builder_version=&#8221;4.27.4&#8243; _module_preset=&#8221;default&#8221; custom_margin=&#8221;0px|0px|0px|0px|false|false&#8221; custom_padding=&#8221;0px|0px|0px|0px|false|false&#8221; locked=&#8221;off&#8221; global_colors_info=&#8221;{}&#8221;][et_pb_row _builder_version=&#8221;4.27.4&#8243; _module_preset=&#8221;default&#8221; global_colors_info=&#8221;{}&#8221;][et_pb_column type=&#8221;4_4&#8243; _builder_version=&#8221;4.27.4&#8243; _module_preset=&#8221;default&#8221; global_colors_info=&#8221;{}&#8221;][et_pb_divider show_divider=&#8221;off&#8221; _builder_version=&#8221;4.27.4&#8243; _module_preset=&#8221;default&#8221; min_height=&#8221;65px&#8221; height=&#8221;65px&#8221; max_height=&#8221;65px&#8221; global_colors_info=&#8221;{}&#8221;][\/et_pb_divider][\/et_pb_column][\/et_pb_row][\/et_pb_section]<\/p>\n","protected":false},"excerpt":{"rendered":"","protected":false},"author":1,"featured_media":0,"parent":0,"menu_order":0,"comment_status":"closed","ping_status":"closed","template":"","meta":{"_et_pb_use_builder":"on","_et_pb_old_content":"","_et_gb_content_width":"","footnotes":""},"class_list":["post-30163","page","type-page","status-publish","hentry"],"yoast_head":"<!-- This site is optimized with the Yoast SEO plugin v27.0 - https:\/\/yoast.com\/product\/yoast-seo-wordpress\/ -->\n<title>S\u00e1rga \u00e9s Ros\u00e9 arany - Crico<\/title>\n<meta name=\"robots\" content=\"index, follow, max-snippet:-1, max-image-preview:large, max-video-preview:-1\" \/>\n<link rel=\"canonical\" href=\"https:\/\/cricoekszer.hu\/index.php\/sarga-es-rose-arany-karikagyuruk\/\" \/>\n<meta property=\"og:locale\" content=\"hu_HU\" \/>\n<meta property=\"og:type\" content=\"article\" \/>\n<meta property=\"og:title\" content=\"S\u00e1rga \u00e9s Ros\u00e9 arany - Crico\" \/>\n<meta property=\"og:url\" content=\"https:\/\/cricoekszer.hu\/index.php\/sarga-es-rose-arany-karikagyuruk\/\" \/>\n<meta property=\"og:site_name\" content=\"Crico\" \/>\n<meta property=\"article:publisher\" content=\"https:\/\/www.facebook.com\/cricojewelry\" \/>\n<meta property=\"article:modified_time\" content=\"2025-10-30T14:52:06+00:00\" \/>\n<meta property=\"og:image\" content=\"https:\/\/cricoekszer.hu\/wp-content\/uploads\/2017\/02\/Crico-logo_vastagabb-feh\u00e9r-kerettel_h\u00e1tt\u00e9r-n\u00e9lk\u00fcl_20-kicsi.png\" \/>\n\t<meta property=\"og:image:width\" content=\"454\" \/>\n\t<meta property=\"og:image:height\" content=\"454\" \/>\n\t<meta property=\"og:image:type\" content=\"image\/png\" \/>\n<meta name=\"twitter:card\" content=\"summary_large_image\" \/>\n<meta name=\"twitter:label1\" content=\"Becs\u00fclt olvas\u00e1si id\u0151\" \/>\n\t<meta name=\"twitter:data1\" content=\"2 perc\" \/>\n<script type=\"application\/ld+json\" class=\"yoast-schema-graph\">{\"@context\":\"https:\/\/schema.org\",\"@graph\":[{\"@type\":\"WebPage\",\"@id\":\"https:\/\/cricoekszer.hu\/index.php\/sarga-es-rose-arany-karikagyuruk\/\",\"url\":\"https:\/\/cricoekszer.hu\/index.php\/sarga-es-rose-arany-karikagyuruk\/\",\"name\":\"S\u00e1rga \u00e9s Ros\u00e9 arany - Crico\",\"isPartOf\":{\"@id\":\"https:\/\/cricoekszer.hu\/#website\"},\"datePublished\":\"2021-01-22T17:05:34+00:00\",\"dateModified\":\"2025-10-30T14:52:06+00:00\",\"breadcrumb\":{\"@id\":\"https:\/\/cricoekszer.hu\/index.php\/sarga-es-rose-arany-karikagyuruk\/#breadcrumb\"},\"inLanguage\":\"hu\",\"potentialAction\":[{\"@type\":\"ReadAction\",\"target\":[\"https:\/\/cricoekszer.hu\/index.php\/sarga-es-rose-arany-karikagyuruk\/\"]}]},{\"@type\":\"BreadcrumbList\",\"@id\":\"https:\/\/cricoekszer.hu\/index.php\/sarga-es-rose-arany-karikagyuruk\/#breadcrumb\",\"itemListElement\":[{\"@type\":\"ListItem\",\"position\":1,\"name\":\"Kezd\u0151lap\",\"item\":\"https:\/\/cricoekszer.hu\/\"},{\"@type\":\"ListItem\",\"position\":2,\"name\":\"S\u00e1rga \u00e9s Ros\u00e9 arany\"}]},{\"@type\":\"WebSite\",\"@id\":\"https:\/\/cricoekszer.hu\/#website\",\"url\":\"https:\/\/cricoekszer.hu\/\",\"name\":\"Crico\",\"description\":\"Egyedi gy\u00e9m\u00e1nt gy\u0171r\u0171k\",\"publisher\":{\"@id\":\"https:\/\/cricoekszer.hu\/#organization\"},\"potentialAction\":[{\"@type\":\"SearchAction\",\"target\":{\"@type\":\"EntryPoint\",\"urlTemplate\":\"https:\/\/cricoekszer.hu\/?s={search_term_string}\"},\"query-input\":{\"@type\":\"PropertyValueSpecification\",\"valueRequired\":true,\"valueName\":\"search_term_string\"}}],\"inLanguage\":\"hu\"},{\"@type\":\"Organization\",\"@id\":\"https:\/\/cricoekszer.hu\/#organization\",\"name\":\"CRICO \u00c9kszer\",\"url\":\"https:\/\/cricoekszer.hu\/\",\"logo\":{\"@type\":\"ImageObject\",\"inLanguage\":\"hu\",\"@id\":\"https:\/\/cricoekszer.hu\/#\/schema\/logo\/image\/\",\"url\":\"https:\/\/cricoekszer.hu\/wp-content\/uploads\/2017\/02\/Crico-logo_vastagabb-feh\u00e9r-kerettel_h\u00e1tt\u00e9r-n\u00e9lk\u00fcl_20-kicsi.png\",\"contentUrl\":\"https:\/\/cricoekszer.hu\/wp-content\/uploads\/2017\/02\/Crico-logo_vastagabb-feh\u00e9r-kerettel_h\u00e1tt\u00e9r-n\u00e9lk\u00fcl_20-kicsi.png\",\"width\":454,\"height\":454,\"caption\":\"CRICO \u00c9kszer\"},\"image\":{\"@id\":\"https:\/\/cricoekszer.hu\/#\/schema\/logo\/image\/\"},\"sameAs\":[\"https:\/\/www.facebook.com\/cricojewelry\"]}]}<\/script>\n<!-- \/ Yoast SEO plugin. -->","yoast_head_json":{"title":"S\u00e1rga \u00e9s Ros\u00e9 arany - Crico","robots":{"index":"index","follow":"follow","max-snippet":"max-snippet:-1","max-image-preview":"max-image-preview:large","max-video-preview":"max-video-preview:-1"},"canonical":"https:\/\/cricoekszer.hu\/index.php\/sarga-es-rose-arany-karikagyuruk\/","og_locale":"hu_HU","og_type":"article","og_title":"S\u00e1rga \u00e9s Ros\u00e9 arany - Crico","og_url":"https:\/\/cricoekszer.hu\/index.php\/sarga-es-rose-arany-karikagyuruk\/","og_site_name":"Crico","article_publisher":"https:\/\/www.facebook.com\/cricojewelry","article_modified_time":"2025-10-30T14:52:06+00:00","og_image":[{"width":454,"height":454,"url":"https:\/\/cricoekszer.hu\/wp-content\/uploads\/2017\/02\/Crico-logo_vastagabb-feh\u00e9r-kerettel_h\u00e1tt\u00e9r-n\u00e9lk\u00fcl_20-kicsi.png","type":"image\/png"}],"twitter_card":"summary_large_image","twitter_misc":{"Becs\u00fclt olvas\u00e1si id\u0151":"2 perc"},"schema":{"@context":"https:\/\/schema.org","@graph":[{"@type":"WebPage","@id":"https:\/\/cricoekszer.hu\/index.php\/sarga-es-rose-arany-karikagyuruk\/","url":"https:\/\/cricoekszer.hu\/index.php\/sarga-es-rose-arany-karikagyuruk\/","name":"S\u00e1rga \u00e9s Ros\u00e9 arany - Crico","isPartOf":{"@id":"https:\/\/cricoekszer.hu\/#website"},"datePublished":"2021-01-22T17:05:34+00:00","dateModified":"2025-10-30T14:52:06+00:00","breadcrumb":{"@id":"https:\/\/cricoekszer.hu\/index.php\/sarga-es-rose-arany-karikagyuruk\/#breadcrumb"},"inLanguage":"hu","potentialAction":[{"@type":"ReadAction","target":["https:\/\/cricoekszer.hu\/index.php\/sarga-es-rose-arany-karikagyuruk\/"]}]},{"@type":"BreadcrumbList","@id":"https:\/\/cricoekszer.hu\/index.php\/sarga-es-rose-arany-karikagyuruk\/#breadcrumb","itemListElement":[{"@type":"ListItem","position":1,"name":"Kezd\u0151lap","item":"https:\/\/cricoekszer.hu\/"},{"@type":"ListItem","position":2,"name":"S\u00e1rga \u00e9s Ros\u00e9 arany"}]},{"@type":"WebSite","@id":"https:\/\/cricoekszer.hu\/#website","url":"https:\/\/cricoekszer.hu\/","name":"Crico","description":"Egyedi gy\u00e9m\u00e1nt gy\u0171r\u0171k","publisher":{"@id":"https:\/\/cricoekszer.hu\/#organization"},"potentialAction":[{"@type":"SearchAction","target":{"@type":"EntryPoint","urlTemplate":"https:\/\/cricoekszer.hu\/?s={search_term_string}"},"query-input":{"@type":"PropertyValueSpecification","valueRequired":true,"valueName":"search_term_string"}}],"inLanguage":"hu"},{"@type":"Organization","@id":"https:\/\/cricoekszer.hu\/#organization","name":"CRICO \u00c9kszer","url":"https:\/\/cricoekszer.hu\/","logo":{"@type":"ImageObject","inLanguage":"hu","@id":"https:\/\/cricoekszer.hu\/#\/schema\/logo\/image\/","url":"https:\/\/cricoekszer.hu\/wp-content\/uploads\/2017\/02\/Crico-logo_vastagabb-feh\u00e9r-kerettel_h\u00e1tt\u00e9r-n\u00e9lk\u00fcl_20-kicsi.png","contentUrl":"https:\/\/cricoekszer.hu\/wp-content\/uploads\/2017\/02\/Crico-logo_vastagabb-feh\u00e9r-kerettel_h\u00e1tt\u00e9r-n\u00e9lk\u00fcl_20-kicsi.png","width":454,"height":454,"caption":"CRICO \u00c9kszer"},"image":{"@id":"https:\/\/cricoekszer.hu\/#\/schema\/logo\/image\/"},"sameAs":["https:\/\/www.facebook.com\/cricojewelry"]}]}},"_links":{"self":[{"href":"https:\/\/cricoekszer.hu\/index.php\/wp-json\/wp\/v2\/pages\/30163","targetHints":{"allow":["GET"]}}],"collection":[{"href":"https:\/\/cricoekszer.hu\/index.php\/wp-json\/wp\/v2\/pages"}],"about":[{"href":"https:\/\/cricoekszer.hu\/index.php\/wp-json\/wp\/v2\/types\/page"}],"author":[{"embeddable":true,"href":"https:\/\/cricoekszer.hu\/index.php\/wp-json\/wp\/v2\/users\/1"}],"replies":[{"embeddable":true,"href":"https:\/\/cricoekszer.hu\/index.php\/wp-json\/wp\/v2\/comments?post=30163"}],"version-history":[{"count":27,"href":"https:\/\/cricoekszer.hu\/index.php\/wp-json\/wp\/v2\/pages\/30163\/revisions"}],"predecessor-version":[{"id":32159,"href":"https:\/\/cricoekszer.hu\/index.php\/wp-json\/wp\/v2\/pages\/30163\/revisions\/32159"}],"wp:attachment":[{"href":"https:\/\/cricoekszer.hu\/index.php\/wp-json\/wp\/v2\/media?parent=30163"}],"curies":[{"name":"wp","href":"https:\/\/api.w.org\/{rel}","templated":true}]}}