{"id":29850,"date":"2021-01-15T17:02:52","date_gmt":"2021-01-15T16:02:52","guid":{"rendered":"http:\/\/cricoekszer.hu\/?page_id=29850"},"modified":"2026-02-26T12:56:27","modified_gmt":"2026-02-26T11:56:27","slug":"crico-smoke","status":"publish","type":"page","link":"https:\/\/cricoekszer.hu\/index.php\/crico-smoke\/","title":{"rendered":"Crico Smoke"},"content":{"rendered":"<p>[et_pb_section fb_built=&#8221;1&#8243; admin_label=&#8221;section&#8221; _builder_version=&#8221;4.27.4&#8243; background_color=&#8221;#FFFFFF&#8221; custom_padding=&#8221;||||false|false&#8221; transparent_background=&#8221;on&#8221; make_fullwidth=&#8221;off&#8221; use_custom_width=&#8221;off&#8221; width_unit=&#8221;off&#8221; custom_width_px=&#8221;1080px&#8221; custom_width_percent=&#8221;80%&#8221; locked=&#8221;off&#8221; global_colors_info=&#8221;{}&#8221;][et_pb_row admin_label=&#8221;row&#8221; _builder_version=&#8221;4.27.4&#8243; background_size=&#8221;initial&#8221; background_position=&#8221;top_left&#8221; background_repeat=&#8221;repeat&#8221; custom_padding=&#8221;||||false|false&#8221; make_fullwidth=&#8221;off&#8221; use_custom_width=&#8221;off&#8221; width_unit=&#8221;off&#8221; custom_width_px=&#8221;1080px&#8221; custom_width_percent=&#8221;80%&#8221; global_colors_info=&#8221;{}&#8221;][et_pb_column type=&#8221;4_4&#8243; _builder_version=&#8221;4.27.4&#8243; custom_padding=&#8221;|||&#8221; global_colors_info=&#8221;{}&#8221; custom_padding__hover=&#8221;|||&#8221;][et_pb_heading title=&#8221;Crico Smoke&#8221; _builder_version=&#8221;4.27.4&#8243; _module_preset=&#8221;default&#8221; title_font=&#8221;|||on|||||&#8221; title_text_align=&#8221;center&#8221; title_text_color=&#8221;#0F4C5C&#8221; locked=&#8221;off&#8221; global_colors_info=&#8221;{}&#8221;][\/et_pb_heading][et_pb_text _builder_version=&#8221;4.27.4&#8243; text_text_color=&#8221;#000000&#8243; background_size=&#8221;initial&#8221; background_position=&#8221;top_left&#8221; background_repeat=&#8221;repeat&#8221; text_orientation=&#8221;justified&#8221; background_layout=&#8221;dark&#8221; custom_padding=&#8221;||0px|||&#8221; use_border_color=&#8221;off&#8221; border_style=&#8221;solid&#8221; global_colors_info=&#8221;{}&#8221;]<\/p>\n<p>Mer\u00e9sz \u00e1rnyalatok \u00e9s modern luxus \u2013 a Black, <strong>Smoke<\/strong> \u00e9s Mocca kollekci\u00f3 a vag\u00e1ny, karakteres \u00e9s st\u00edlusos megjelen\u00e9s \u00faj dimenzi\u00f3j\u00e1t k\u00edn\u00e1lja.<br \/>Ezek a gy\u0171r\u0171k azoknak sz\u00f3lnak, akik szeretik a k\u00fcl\u00f6nleges, rendhagy\u00f3 megold\u00e1sokat, \u00e9s b\u00e1tran elt\u00e9rnek a hagyom\u00e1nyost\u00f3l. Minden darab <strong>alapja 14 kar\u00e1tos arany, amelyre a k\u00fcl\u00f6nleges d\u00edsz\u00edt\u00e9sek ker\u00fclnek<\/strong>. A fekete \u00e9s barna \u00e1rnyalatokat bevonatolt nemesac\u00e9l adja, amely karc- \u00e9s kop\u00e1s\u00e1ll\u00f3 tulajdons\u00e1gaival hossz\u00fa t\u00e1von is meg\u0151rzi a gy\u0171r\u0171k sz\u00e9ps\u00e9g\u00e9t.<\/p>\n<p><strong>A Smoke \u2013 az antracitsz\u00fcrke \u00e1rnyalat \u2013 tant\u00e1lb\u00f3l k\u00e9sz\u00fcl, egy ritka, k\u00fcl\u00f6nleges \u00e9s rendk\u00edv\u00fcl ellen\u00e1ll\u00f3 f\u00e9m felhaszn\u00e1l\u00e1s\u00e1val.<\/strong> A tant\u00e1l nemcsak <strong>kiv\u00e9teles kem\u00e9nys\u00e9g\u00e9r\u0151l \u00e9s karc\u00e1ll\u00f3s\u00e1g\u00e1r\u00f3l ismert<\/strong>, hanem <strong>kiemelked\u0151 korr\u00f3zi\u00f3\u00e1ll\u00f3s\u00e1g\u00e1r\u00f3l \u00e9s magas h\u0151\u00e1ll\u00f3s\u00e1g\u00e1r\u00f3l is<\/strong>. Ezeknek a tulajdons\u00e1goknak k\u00f6sz\u00f6nhet\u0151en sz\u00e1mos ipar\u00e1gban alkalmazz\u00e1k \u2013 az elektronik\u00e1t\u00f3l \u00e9s a vegyipart\u00f3l kezdve eg\u00e9szen az orvostechnik\u00e1ig. A tant\u00e1l <strong><span style=\"background-color: #ffffff; font-size: 16px;\">biokompatibilit\u00e1sa<\/span><\/strong><span style=\"font-size: 16px;\"><strong>\u00a0<\/strong>miatt orvosi implant\u00e1tumok \u00e9s seb\u00e9szeti eszk\u00f6z\u00f6k alapanyagak\u00e9nt is haszn\u00e1latos, ami tov\u00e1bb er\u0151s\u00edti megb\u00edzhat\u00f3s\u00e1g\u00e1t \u00e9s tart\u00f3ss\u00e1g\u00e1t.<\/span><\/p>\n<p>Modern, matt f\u00e9ny\u0171 s\u00f6t\u00e9tsz\u00fcrke t\u00f3nusa egyedi karaktert ad a gy\u0171r\u0171knek \u2013 \u00edgy a Smoke d\u00edsz\u00edt\u00e9s t\u00f6k\u00e9letes v\u00e1laszt\u00e1s azoknak, akik valami igaz\u00e1n k\u00fcl\u00f6nlegeset \u00e9s id\u0151t\u00e1ll\u00f3t keresnek. A tant\u00e1l karikagy\u0171r\u0171k nemcsak eszt\u00e9tikai \u00e9lm\u00e9nyt ny\u00fajtanak, hanem kiv\u00e9teles fizikai tulajdons\u00e1gaik r\u00e9v\u00e9n is kiemelkednek a hagyom\u00e1nyos \u00e9kszerek k\u00f6z\u00fcl.<\/p>\n<p>A kollekci\u00f3 egyik legnagyobb el\u0151nye, hogy a gy\u0171r\u0171p\u00e1rok teljesen szabadon kombin\u00e1lhat\u00f3k. A f\u00e9rfi gy\u0171r\u0171 lehet fekete, sz\u00fcrke vagy barna d\u00edsz\u00edt\u00e9ses, m\u00edg a menyasszony v\u00e1laszthat klasszikus gy\u00e9m\u00e1nt sork\u00f6ves modellt is \u2013 \u00edgy minden p\u00e1r megtal\u00e1lhatja a saj\u00e1t st\u00edlus\u00e1hoz ill\u0151 harm\u00f3ni\u00e1t vagy ak\u00e1r izgalmas kontrasztot.<\/p>\n<p>A <strong>Black, Smoke \u00e9s Mocca gy\u0171r\u0171k pr\u00e9mium min\u0151s\u00e9gben<\/strong> k\u00e9sz\u00fclnek, \u00e9s egyszerre sug\u00e1roznak modern er\u0151t, egyedis\u00e9get \u00e9s kifinomult st\u00edlust. Ide\u00e1lis v\u00e1laszt\u00e1s mindazoknak, akik olyan karikagy\u0171r\u0171t keresnek, amely val\u00f3ban kifejezi szem\u00e9lyis\u00e9g\u00fcket \u00e9s k\u00fcl\u00f6nleges megjelen\u00e9s ir\u00e1nti ig\u00e9ny\u00fcket.<\/p>\n<p>[\/et_pb_text][et_pb_gallery gallery_ids=&#8221;31312,31313,31314,31315,31316,31317,31318,31319,31320,31321,31322,31323,31324,31325,31326,31327,31328,31329,31330,31331,31332,31333,31334,31335,31336,31337,31338,32357&#8243; posts_number=&#8221;100&#8243; show_title_and_caption=&#8221;off&#8221; show_pagination=&#8221;off&#8221; hover_overlay_color=&#8221;RGBA(255,255,255,0)&#8221; hover_icon=&#8221;&#x54;||divi||400&#8243; _builder_version=&#8221;4.27.5&#8243; _module_preset=&#8221;default&#8221; hover_enabled=&#8221;0&#8243; locked=&#8221;off&#8221; global_colors_info=&#8221;{}&#8221; sticky_enabled=&#8221;0&#8243;][\/et_pb_gallery][\/et_pb_column][\/et_pb_row][\/et_pb_section][et_pb_section fb_built=&#8221;1&#8243; admin_label=&#8221;section&#8221; _builder_version=&#8221;4.27.4&#8243; background_color=&#8221;#FFFFFF&#8221; custom_padding=&#8221;||||false|false&#8221; transparent_background=&#8221;on&#8221; make_fullwidth=&#8221;off&#8221; use_custom_width=&#8221;off&#8221; width_unit=&#8221;off&#8221; custom_width_px=&#8221;1080px&#8221; custom_width_percent=&#8221;80%&#8221; locked=&#8221;off&#8221; global_colors_info=&#8221;{}&#8221;][et_pb_row admin_label=&#8221;row&#8221; _builder_version=&#8221;4.27.4&#8243; background_size=&#8221;initial&#8221; background_position=&#8221;top_left&#8221; background_repeat=&#8221;repeat&#8221; custom_padding=&#8221;||||false|false&#8221; make_fullwidth=&#8221;off&#8221; use_custom_width=&#8221;off&#8221; width_unit=&#8221;off&#8221; custom_width_px=&#8221;1080px&#8221; custom_width_percent=&#8221;80%&#8221; global_colors_info=&#8221;{}&#8221;][et_pb_column type=&#8221;4_4&#8243; _builder_version=&#8221;4.27.4&#8243; custom_padding=&#8221;|||&#8221; global_colors_info=&#8221;{}&#8221; custom_padding__hover=&#8221;|||&#8221;][et_pb_heading title=&#8221;Kor\u00e1bbi munk\u00e1ink&#8221; _builder_version=&#8221;4.27.4&#8243; _module_preset=&#8221;default&#8221; title_font=&#8221;|||on|||||&#8221; title_text_align=&#8221;center&#8221; title_text_color=&#8221;#0F4C5C&#8221; locked=&#8221;off&#8221; global_colors_info=&#8221;{}&#8221;][\/et_pb_heading][et_pb_gallery gallery_ids=&#8221;31900,31901,31902,31904,31906,31907,31908,31909,31910,31911,31912,31913,31914,31915,31916,31917,31918,31919,31920,31921,31922,31923&#8243; posts_number=&#8221;100&#8243; show_title_and_caption=&#8221;off&#8221; show_pagination=&#8221;off&#8221; hover_overlay_color=&#8221;RGBA(255,255,255,0)&#8221; hover_icon=&#8221;&#x54;||divi||400&#8243; _builder_version=&#8221;4.27.5&#8243; _module_preset=&#8221;default&#8221; hover_enabled=&#8221;0&#8243; locked=&#8221;off&#8221; global_colors_info=&#8221;{}&#8221; sticky_enabled=&#8221;0&#8243;][\/et_pb_gallery][\/et_pb_column][\/et_pb_row][\/et_pb_section][et_pb_section fb_built=&#8221;1&#8243; _builder_version=&#8221;4.27.4&#8243; _module_preset=&#8221;default&#8221; custom_margin=&#8221;0px|0px|0px|0px|false|false&#8221; custom_padding=&#8221;0px|0px|0px|0px|false|false&#8221; locked=&#8221;off&#8221; global_colors_info=&#8221;{}&#8221;][et_pb_row _builder_version=&#8221;4.27.4&#8243; _module_preset=&#8221;default&#8221; global_colors_info=&#8221;{}&#8221;][et_pb_column type=&#8221;4_4&#8243; _builder_version=&#8221;4.27.4&#8243; _module_preset=&#8221;default&#8221; global_colors_info=&#8221;{}&#8221;][et_pb_divider show_divider=&#8221;off&#8221; _builder_version=&#8221;4.27.4&#8243; _module_preset=&#8221;default&#8221; min_height=&#8221;65px&#8221; height=&#8221;65px&#8221; max_height=&#8221;65px&#8221; global_colors_info=&#8221;{}&#8221;][\/et_pb_divider][\/et_pb_column][\/et_pb_row][\/et_pb_section]<\/p>\n","protected":false},"excerpt":{"rendered":"<p>Mer\u00e9sz \u00e1rnyalatok \u00e9s modern luxus \u2013 a Black, Smoke \u00e9s Mocca kollekci\u00f3 a vag\u00e1ny, karakteres \u00e9s st\u00edlusos megjelen\u00e9s \u00faj dimenzi\u00f3j\u00e1t k\u00edn\u00e1lja.Ezek a gy\u0171r\u0171k azoknak sz\u00f3lnak, akik szeretik a k\u00fcl\u00f6nleges, rendhagy\u00f3 megold\u00e1sokat, \u00e9s b\u00e1tran elt\u00e9rnek a hagyom\u00e1nyost\u00f3l. Minden darab alapja 14 kar\u00e1tos arany, amelyre a k\u00fcl\u00f6nleges d\u00edsz\u00edt\u00e9sek ker\u00fclnek. A fekete \u00e9s barna \u00e1rnyalatokat bevonatolt nemesac\u00e9l adja, [&hellip;]<\/p>\n","protected":false},"author":1,"featured_media":0,"parent":0,"menu_order":0,"comment_status":"closed","ping_status":"closed","template":"","meta":{"_et_pb_use_builder":"on","_et_pb_old_content":"","_et_gb_content_width":"","footnotes":""},"class_list":["post-29850","page","type-page","status-publish","hentry"],"yoast_head":"<!-- This site is optimized with the Yoast SEO plugin v27.0 - https:\/\/yoast.com\/product\/yoast-seo-wordpress\/ -->\n<title>Crico Smoke - Crico<\/title>\n<meta name=\"robots\" content=\"index, follow, max-snippet:-1, max-image-preview:large, max-video-preview:-1\" \/>\n<link rel=\"canonical\" href=\"https:\/\/cricoekszer.hu\/index.php\/crico-smoke\/\" \/>\n<meta property=\"og:locale\" content=\"hu_HU\" \/>\n<meta property=\"og:type\" content=\"article\" \/>\n<meta property=\"og:title\" content=\"Crico Smoke - Crico\" \/>\n<meta property=\"og:description\" content=\"Mer\u00e9sz \u00e1rnyalatok \u00e9s modern luxus \u2013 a Black, Smoke \u00e9s Mocca kollekci\u00f3 a vag\u00e1ny, karakteres \u00e9s st\u00edlusos megjelen\u00e9s \u00faj dimenzi\u00f3j\u00e1t k\u00edn\u00e1lja.Ezek a gy\u0171r\u0171k azoknak sz\u00f3lnak, akik szeretik a k\u00fcl\u00f6nleges, rendhagy\u00f3 megold\u00e1sokat, \u00e9s b\u00e1tran elt\u00e9rnek a hagyom\u00e1nyost\u00f3l. Minden darab alapja 14 kar\u00e1tos arany, amelyre a k\u00fcl\u00f6nleges d\u00edsz\u00edt\u00e9sek ker\u00fclnek. A fekete \u00e9s barna \u00e1rnyalatokat bevonatolt nemesac\u00e9l adja, [&hellip;]\" \/>\n<meta property=\"og:url\" content=\"https:\/\/cricoekszer.hu\/index.php\/crico-smoke\/\" \/>\n<meta property=\"og:site_name\" content=\"Crico\" \/>\n<meta property=\"article:publisher\" content=\"https:\/\/www.facebook.com\/cricojewelry\" \/>\n<meta property=\"article:modified_time\" content=\"2026-02-26T11:56:27+00:00\" \/>\n<meta property=\"og:image\" content=\"https:\/\/cricoekszer.hu\/wp-content\/uploads\/2017\/02\/Crico-logo_vastagabb-feh\u00e9r-kerettel_h\u00e1tt\u00e9r-n\u00e9lk\u00fcl_20-kicsi.png\" \/>\n\t<meta property=\"og:image:width\" content=\"454\" \/>\n\t<meta property=\"og:image:height\" content=\"454\" \/>\n\t<meta property=\"og:image:type\" content=\"image\/png\" \/>\n<meta name=\"twitter:card\" content=\"summary_large_image\" \/>\n<meta name=\"twitter:label1\" content=\"Becs\u00fclt olvas\u00e1si id\u0151\" \/>\n\t<meta name=\"twitter:data1\" content=\"13 perc\" \/>\n<script type=\"application\/ld+json\" class=\"yoast-schema-graph\">{\"@context\":\"https:\/\/schema.org\",\"@graph\":[{\"@type\":\"WebPage\",\"@id\":\"https:\/\/cricoekszer.hu\/index.php\/crico-smoke\/\",\"url\":\"https:\/\/cricoekszer.hu\/index.php\/crico-smoke\/\",\"name\":\"Crico Smoke - Crico\",\"isPartOf\":{\"@id\":\"https:\/\/cricoekszer.hu\/#website\"},\"datePublished\":\"2021-01-15T16:02:52+00:00\",\"dateModified\":\"2026-02-26T11:56:27+00:00\",\"breadcrumb\":{\"@id\":\"https:\/\/cricoekszer.hu\/index.php\/crico-smoke\/#breadcrumb\"},\"inLanguage\":\"hu\",\"potentialAction\":[{\"@type\":\"ReadAction\",\"target\":[\"https:\/\/cricoekszer.hu\/index.php\/crico-smoke\/\"]}]},{\"@type\":\"BreadcrumbList\",\"@id\":\"https:\/\/cricoekszer.hu\/index.php\/crico-smoke\/#breadcrumb\",\"itemListElement\":[{\"@type\":\"ListItem\",\"position\":1,\"name\":\"Kezd\u0151lap\",\"item\":\"https:\/\/cricoekszer.hu\/\"},{\"@type\":\"ListItem\",\"position\":2,\"name\":\"Crico Smoke\"}]},{\"@type\":\"WebSite\",\"@id\":\"https:\/\/cricoekszer.hu\/#website\",\"url\":\"https:\/\/cricoekszer.hu\/\",\"name\":\"Crico\",\"description\":\"Egyedi gy\u00e9m\u00e1nt gy\u0171r\u0171k\",\"publisher\":{\"@id\":\"https:\/\/cricoekszer.hu\/#organization\"},\"potentialAction\":[{\"@type\":\"SearchAction\",\"target\":{\"@type\":\"EntryPoint\",\"urlTemplate\":\"https:\/\/cricoekszer.hu\/?s={search_term_string}\"},\"query-input\":{\"@type\":\"PropertyValueSpecification\",\"valueRequired\":true,\"valueName\":\"search_term_string\"}}],\"inLanguage\":\"hu\"},{\"@type\":\"Organization\",\"@id\":\"https:\/\/cricoekszer.hu\/#organization\",\"name\":\"CRICO \u00c9kszer\",\"url\":\"https:\/\/cricoekszer.hu\/\",\"logo\":{\"@type\":\"ImageObject\",\"inLanguage\":\"hu\",\"@id\":\"https:\/\/cricoekszer.hu\/#\/schema\/logo\/image\/\",\"url\":\"https:\/\/cricoekszer.hu\/wp-content\/uploads\/2017\/02\/Crico-logo_vastagabb-feh\u00e9r-kerettel_h\u00e1tt\u00e9r-n\u00e9lk\u00fcl_20-kicsi.png\",\"contentUrl\":\"https:\/\/cricoekszer.hu\/wp-content\/uploads\/2017\/02\/Crico-logo_vastagabb-feh\u00e9r-kerettel_h\u00e1tt\u00e9r-n\u00e9lk\u00fcl_20-kicsi.png\",\"width\":454,\"height\":454,\"caption\":\"CRICO \u00c9kszer\"},\"image\":{\"@id\":\"https:\/\/cricoekszer.hu\/#\/schema\/logo\/image\/\"},\"sameAs\":[\"https:\/\/www.facebook.com\/cricojewelry\"]}]}<\/script>\n<!-- \/ Yoast SEO plugin. -->","yoast_head_json":{"title":"Crico Smoke - Crico","robots":{"index":"index","follow":"follow","max-snippet":"max-snippet:-1","max-image-preview":"max-image-preview:large","max-video-preview":"max-video-preview:-1"},"canonical":"https:\/\/cricoekszer.hu\/index.php\/crico-smoke\/","og_locale":"hu_HU","og_type":"article","og_title":"Crico Smoke - Crico","og_description":"Mer\u00e9sz \u00e1rnyalatok \u00e9s modern luxus \u2013 a Black, Smoke \u00e9s Mocca kollekci\u00f3 a vag\u00e1ny, karakteres \u00e9s st\u00edlusos megjelen\u00e9s \u00faj dimenzi\u00f3j\u00e1t k\u00edn\u00e1lja.Ezek a gy\u0171r\u0171k azoknak sz\u00f3lnak, akik szeretik a k\u00fcl\u00f6nleges, rendhagy\u00f3 megold\u00e1sokat, \u00e9s b\u00e1tran elt\u00e9rnek a hagyom\u00e1nyost\u00f3l. Minden darab alapja 14 kar\u00e1tos arany, amelyre a k\u00fcl\u00f6nleges d\u00edsz\u00edt\u00e9sek ker\u00fclnek. A fekete \u00e9s barna \u00e1rnyalatokat bevonatolt nemesac\u00e9l adja, [&hellip;]","og_url":"https:\/\/cricoekszer.hu\/index.php\/crico-smoke\/","og_site_name":"Crico","article_publisher":"https:\/\/www.facebook.com\/cricojewelry","article_modified_time":"2026-02-26T11:56:27+00:00","og_image":[{"width":454,"height":454,"url":"https:\/\/cricoekszer.hu\/wp-content\/uploads\/2017\/02\/Crico-logo_vastagabb-feh\u00e9r-kerettel_h\u00e1tt\u00e9r-n\u00e9lk\u00fcl_20-kicsi.png","type":"image\/png"}],"twitter_card":"summary_large_image","twitter_misc":{"Becs\u00fclt olvas\u00e1si id\u0151":"13 perc"},"schema":{"@context":"https:\/\/schema.org","@graph":[{"@type":"WebPage","@id":"https:\/\/cricoekszer.hu\/index.php\/crico-smoke\/","url":"https:\/\/cricoekszer.hu\/index.php\/crico-smoke\/","name":"Crico Smoke - Crico","isPartOf":{"@id":"https:\/\/cricoekszer.hu\/#website"},"datePublished":"2021-01-15T16:02:52+00:00","dateModified":"2026-02-26T11:56:27+00:00","breadcrumb":{"@id":"https:\/\/cricoekszer.hu\/index.php\/crico-smoke\/#breadcrumb"},"inLanguage":"hu","potentialAction":[{"@type":"ReadAction","target":["https:\/\/cricoekszer.hu\/index.php\/crico-smoke\/"]}]},{"@type":"BreadcrumbList","@id":"https:\/\/cricoekszer.hu\/index.php\/crico-smoke\/#breadcrumb","itemListElement":[{"@type":"ListItem","position":1,"name":"Kezd\u0151lap","item":"https:\/\/cricoekszer.hu\/"},{"@type":"ListItem","position":2,"name":"Crico Smoke"}]},{"@type":"WebSite","@id":"https:\/\/cricoekszer.hu\/#website","url":"https:\/\/cricoekszer.hu\/","name":"Crico","description":"Egyedi gy\u00e9m\u00e1nt gy\u0171r\u0171k","publisher":{"@id":"https:\/\/cricoekszer.hu\/#organization"},"potentialAction":[{"@type":"SearchAction","target":{"@type":"EntryPoint","urlTemplate":"https:\/\/cricoekszer.hu\/?s={search_term_string}"},"query-input":{"@type":"PropertyValueSpecification","valueRequired":true,"valueName":"search_term_string"}}],"inLanguage":"hu"},{"@type":"Organization","@id":"https:\/\/cricoekszer.hu\/#organization","name":"CRICO \u00c9kszer","url":"https:\/\/cricoekszer.hu\/","logo":{"@type":"ImageObject","inLanguage":"hu","@id":"https:\/\/cricoekszer.hu\/#\/schema\/logo\/image\/","url":"https:\/\/cricoekszer.hu\/wp-content\/uploads\/2017\/02\/Crico-logo_vastagabb-feh\u00e9r-kerettel_h\u00e1tt\u00e9r-n\u00e9lk\u00fcl_20-kicsi.png","contentUrl":"https:\/\/cricoekszer.hu\/wp-content\/uploads\/2017\/02\/Crico-logo_vastagabb-feh\u00e9r-kerettel_h\u00e1tt\u00e9r-n\u00e9lk\u00fcl_20-kicsi.png","width":454,"height":454,"caption":"CRICO \u00c9kszer"},"image":{"@id":"https:\/\/cricoekszer.hu\/#\/schema\/logo\/image\/"},"sameAs":["https:\/\/www.facebook.com\/cricojewelry"]}]}},"_links":{"self":[{"href":"https:\/\/cricoekszer.hu\/index.php\/wp-json\/wp\/v2\/pages\/29850","targetHints":{"allow":["GET"]}}],"collection":[{"href":"https:\/\/cricoekszer.hu\/index.php\/wp-json\/wp\/v2\/pages"}],"about":[{"href":"https:\/\/cricoekszer.hu\/index.php\/wp-json\/wp\/v2\/types\/page"}],"author":[{"embeddable":true,"href":"https:\/\/cricoekszer.hu\/index.php\/wp-json\/wp\/v2\/users\/1"}],"replies":[{"embeddable":true,"href":"https:\/\/cricoekszer.hu\/index.php\/wp-json\/wp\/v2\/comments?post=29850"}],"version-history":[{"count":34,"href":"https:\/\/cricoekszer.hu\/index.php\/wp-json\/wp\/v2\/pages\/29850\/revisions"}],"predecessor-version":[{"id":32365,"href":"https:\/\/cricoekszer.hu\/index.php\/wp-json\/wp\/v2\/pages\/29850\/revisions\/32365"}],"wp:attachment":[{"href":"https:\/\/cricoekszer.hu\/index.php\/wp-json\/wp\/v2\/media?parent=29850"}],"curies":[{"name":"wp","href":"https:\/\/api.w.org\/{rel}","templated":true}]}}