{"id":29130,"date":"2017-02-27T21:09:56","date_gmt":"2017-02-27T20:09:56","guid":{"rendered":"http:\/\/cricoekszer.hu\/?page_id=29130"},"modified":"2025-10-09T13:36:17","modified_gmt":"2025-10-09T12:36:17","slug":"karikagyuruk","status":"publish","type":"page","link":"https:\/\/cricoekszer.hu\/index.php\/karikagyuruk\/","title":{"rendered":"Karikagy\u0171r\u0171k"},"content":{"rendered":"<p>[et_pb_section fb_built=&#8221;1&#8243; disabled_on=&#8221;off|off|&#8221; admin_label=&#8221;section&#8221; _builder_version=&#8221;4.27.4&#8243; background_color=&#8221;#FFFFFF&#8221; custom_padding=&#8221;54px|0px|0px|0px&#8221; transparent_background=&#8221;off&#8221; make_fullwidth=&#8221;off&#8221; use_custom_width=&#8221;off&#8221; width_unit=&#8221;off&#8221; custom_width_px=&#8221;1080px&#8221; custom_width_percent=&#8221;80%&#8221; global_colors_info=&#8221;{}&#8221;][et_pb_row column_padding_mobile=&#8221;on&#8221; disabled_on=&#8221;off|off|off&#8221; admin_label=&#8221;row&#8221; _builder_version=&#8221;4.27.4&#8243; background_size=&#8221;initial&#8221; background_position=&#8221;top_left&#8221; background_repeat=&#8221;repeat&#8221; custom_padding=&#8221;||||false|false&#8221; make_fullwidth=&#8221;off&#8221; use_custom_width=&#8221;off&#8221; width_unit=&#8221;off&#8221; custom_width_px=&#8221;1080px&#8221; custom_width_percent=&#8221;80%&#8221; global_colors_info=&#8221;{}&#8221;][et_pb_column type=&#8221;4_4&#8243; _builder_version=&#8221;4.16&#8243; custom_padding=&#8221;|||&#8221; global_colors_info=&#8221;{}&#8221; custom_padding__hover=&#8221;|||&#8221;][et_pb_heading title=&#8221;KARIKAGY\u0170R\u0170K&#8221; _builder_version=&#8221;4.27.4&#8243; _module_preset=&#8221;default&#8221; title_font=&#8221;|||on|||||&#8221; title_text_align=&#8221;center&#8221; title_text_color=&#8221;#0F4C5C&#8221; global_colors_info=&#8221;{}&#8221;][\/et_pb_heading][\/et_pb_column][\/et_pb_row][et_pb_row column_structure=&#8221;1_2,1_2&#8243; padding_mobile=&#8221;off&#8221; column_padding_mobile=&#8221;on&#8221; admin_label=&#8221;row&#8221; _builder_version=&#8221;4.16&#8243; background_size=&#8221;initial&#8221; background_position=&#8221;top_left&#8221; background_repeat=&#8221;repeat&#8221; make_fullwidth=&#8221;off&#8221; use_custom_width=&#8221;off&#8221; width_unit=&#8221;off&#8221; custom_width_px=&#8221;1080px&#8221; custom_width_percent=&#8221;80%&#8221; global_colors_info=&#8221;{}&#8221;][et_pb_column type=&#8221;1_2&#8243; _builder_version=&#8221;4.16&#8243; custom_padding=&#8221;|||&#8221; global_colors_info=&#8221;{}&#8221; custom_padding__hover=&#8221;|||&#8221;][et_pb_text admin_label=&#8221;Sz\u00f6veg&#8221; _builder_version=&#8221;4.27.4&#8243; text_text_color=&#8221;#000000&#8243; background_size=&#8221;initial&#8221; background_position=&#8221;top_left&#8221; background_repeat=&#8221;repeat&#8221; text_orientation=&#8221;justified&#8221; background_layout=&#8221;dark&#8221; use_border_color=&#8221;off&#8221; border_style=&#8221;solid&#8221; global_colors_info=&#8221;{}&#8221;]<\/p>\n<p>Klasszikus, modern, romantikus \u00e9s k\u00fcl\u00f6nleges karikagy\u0171r\u0171k \u2013 pr\u00e9mium min\u0151s\u00e9gben, egyedi elk\u00e9pzel\u00e9seitek alapj\u00e1n, hogy ikonikus darabokk\u00e1 v\u00e1ljanak.<\/p>\n<p>A Crico \u00c9kszern\u00e9l hisz\u00fcnk abban, hogy az esk\u00fcv\u0151i gy\u0171r\u0171 nem csup\u00e1n \u00e9kszer, hanem egy \u00e9letre sz\u00f3l\u00f3 szimb\u00f3lum. Ez\u00e9rt minden darabot k\u00e9zzel, gondos odafigyel\u00e9ssel k\u00e9sz\u00edt\u00fcnk, a legmagasabb sz\u00ednvonalon. Minden gy\u0171r\u0171 14 vagy 18 kar\u00e1tos ros\u00e9-, s\u00e1rga-, feh\u00e9r- vagy ak\u00e1r pezsg\u0151sz\u00edn\u0171 aranyb\u00f3l k\u00e9sz\u00fcl, hogy t\u00f6k\u00e9letesen illeszkedjen a Ti \u00edzl\u00e9setekhez.<\/p>\n<p>Legyen sz\u00f3 klasszikus karikagy\u0171r\u0171r\u0151l, modern formavil\u00e1gr\u00f3l, romantikus r\u00e9szletekr\u0151l vagy igaz\u00e1n k\u00fcl\u00f6nleges, rendhagy\u00f3 megold\u00e1sr\u00f3l \u2013 n\u00e1lunk megtal\u00e1lj\u00e1tok azt a st\u00edlust, amely igaz\u00e1n R\u00f3latok sz\u00f3l.<\/p>\n<p>A szem\u00e9lyre szabott tervez\u00e9snek k\u00f6sz\u00f6nhet\u0151en minden p\u00e1r biztos lehet benne, hogy gy\u0171r\u0171je egyedi \u00e9s megism\u00e9telhetetlen darab lesz.<br \/>Ak\u00e1r az esk\u00fcv\u0151t\u00f6k napj\u00e1ra keresitek a t\u00f6k\u00e9letes karikagy\u0171r\u0171t, ak\u00e1r el\u0151re meg\u00e1lmodt\u00e1tok, mi a r\u00e1nk jellemz\u0151 maximalizmussal, pr\u00e9mium min\u0151s\u00e9gben val\u00f3s\u00edtjuk meg az elk\u00e9pzel\u00e9seiteket.<\/p>\n<p>Kiemelked\u0151 min\u0151s\u00e9g\u0171 kidolgoz\u00e1s, eleg\u00e1ns formavil\u00e1g \u00e9s id\u0151t\u00e1ll\u00f3 \u00e9rt\u00e9k \u2013 ezek teszik k\u00fcl\u00f6nlegess\u00e9 a Crico \u00c9kszer karikagy\u0171r\u0171it.<\/p>\n<p>V\u00e1lasszatok inspir\u00e1ci\u00f3t kollekci\u00f3inkb\u00f3l, \u00e9s alak\u00edts\u00e1tok saj\u00e1t elk\u00e9pzel\u00e9seitekhez \u2013 \u00edgy sz\u00fcletnek meg azok a gy\u0171r\u0171k, amelyek gener\u00e1ci\u00f3kon \u00e1t \u0151rzik \u00e9rt\u00e9k\u00fcket, jelent\u00e9s\u00fcket \u00e9s az \u00f6r\u00f6k \u00f6sszetartoz\u00e1s \u00edg\u00e9ret\u00e9t.<\/p>\n<p>[\/et_pb_text][\/et_pb_column][et_pb_column type=&#8221;1_2&#8243; _builder_version=&#8221;4.16&#8243; custom_padding=&#8221;|||&#8221; global_colors_info=&#8221;{}&#8221; custom_padding__hover=&#8221;|||&#8221;][et_pb_image src=&#8221;https:\/\/cricoekszer.hu\/wp-content\/uploads\/2025\/10\/0143_RoseBlack_lapos_Feher_lebego_GubikA_032.png&#8221; title_text=&#8221;0143_Ros\u00e9Black_lapos_Feh\u00e9r_lebeg\u0151_Gubik\u00c1_032&#8243; align=&#8221;center&#8221; _builder_version=&#8221;4.27.4&#8243; _module_preset=&#8221;default&#8221; module_alignment=&#8221;center&#8221; global_colors_info=&#8221;{}&#8221;][\/et_pb_image][\/et_pb_column][\/et_pb_row][et_pb_row column_structure=&#8221;1_3,1_3,1_3&#8243; _builder_version=&#8221;4.27.4&#8243; background_size=&#8221;initial&#8221; background_position=&#8221;top_left&#8221; background_repeat=&#8221;repeat&#8221; custom_padding=&#8221;||||false|false&#8221; make_fullwidth=&#8221;off&#8221; use_custom_width=&#8221;off&#8221; width_unit=&#8221;off&#8221; custom_width_px=&#8221;1080px&#8221; custom_width_percent=&#8221;80%&#8221; locked=&#8221;off&#8221; global_colors_info=&#8221;{}&#8221;][et_pb_column type=&#8221;1_3&#8243; _builder_version=&#8221;4.16&#8243; custom_padding=&#8221;|||&#8221; global_colors_info=&#8221;{}&#8221; custom_padding__hover=&#8221;|||&#8221;][et_pb_blurb title=&#8221;FEH\u00c9RARANY&#8221; url=&#8221;https:\/\/cricoekszer.hu\/index.php\/feherarany\/&#8221; image=&#8221;https:\/\/cricoekszer.hu\/wp-content\/uploads\/2025\/10\/093.1_Feher-szalcsisz.sziv-lenyomat_lapos_Uhrin-Alexandra_018.png&#8221; image_icon_width=&#8221;none&#8221; _builder_version=&#8221;4.27.4&#8243; header_text_color=&#8221;#0F4C5C&#8221; body_line_height=&#8221;1em&#8221; background_size=&#8221;initial&#8221; background_position=&#8221;top_left&#8221; background_repeat=&#8221;repeat&#8221; text_orientation=&#8221;center&#8221; background_layout=&#8221;dark&#8221; use_border_color=&#8221;off&#8221; border_color=&#8221;#ffffff&#8221; border_width=&#8221;1px&#8221; border_style=&#8221;solid&#8221; image_max_width=&#8221;none&#8221; icon_font_size=&#8221;96px&#8221; use_circle=&#8221;off&#8221; use_circle_border=&#8221;off&#8221; circle_border_color=&#8221;#7EBEC5&#8243; circle_color=&#8221;#7EBEC5&#8243; global_colors_info=&#8221;{}&#8221;][\/et_pb_blurb][\/et_pb_column][et_pb_column type=&#8221;1_3&#8243; _builder_version=&#8221;4.16&#8243; custom_padding=&#8221;|||&#8221; global_colors_info=&#8221;{}&#8221; custom_padding__hover=&#8221;|||&#8221;][et_pb_blurb title=&#8221;S\u00c1RGA- \u00c9S ROS\u00c9 ARANY&#8221; url=&#8221;https:\/\/cricoekszer.hu\/index.php\/sarga-es-rose-arany-karikagyuruk\/&#8221; image=&#8221;https:\/\/cricoekszer.hu\/wp-content\/uploads\/2025\/09\/062_Sarga-Black-Rusticfekete-gyemantok_Magyary-Zsolt_013.jpg&#8221; image_icon_width=&#8221;none&#8221; _builder_version=&#8221;4.27.4&#8243; header_text_color=&#8221;#0F4C5C&#8221; header_line_height=&#8221;1.1em&#8221; body_line_height=&#8221;1em&#8221; background_size=&#8221;initial&#8221; background_position=&#8221;top_left&#8221; background_repeat=&#8221;repeat&#8221; text_orientation=&#8221;center&#8221; background_layout=&#8221;dark&#8221; use_border_color=&#8221;off&#8221; border_color=&#8221;#ffffff&#8221; border_width=&#8221;1px&#8221; border_style=&#8221;solid&#8221; image_max_width=&#8221;none&#8221; icon_font_size=&#8221;96px&#8221; use_circle=&#8221;off&#8221; use_circle_border=&#8221;off&#8221; circle_border_color=&#8221;#7EBEC5&#8243; circle_color=&#8221;#7EBEC5&#8243; global_colors_info=&#8221;{}&#8221;][\/et_pb_blurb][\/et_pb_column][et_pb_column type=&#8221;1_3&#8243; _builder_version=&#8221;4.16&#8243; custom_padding=&#8221;|||&#8221; global_colors_info=&#8221;{}&#8221; custom_padding__hover=&#8221;|||&#8221;][et_pb_blurb title=&#8221;T\u00d6BBSZ\u00cdN\u0170&#8221; url=&#8221;https:\/\/cricoekszer.hu\/index.php\/tobbszinu\/&#8221; image=&#8221;https:\/\/cricoekszer.hu\/wp-content\/uploads\/2025\/09\/079_Rose-Feher_ffi-dua_noi-lebegol_Tribik-Petra_014.jpg&#8221; image_icon_width=&#8221;none&#8221; _builder_version=&#8221;4.27.4&#8243; header_text_color=&#8221;#0F4C5C&#8221; body_line_height=&#8221;1em&#8221; background_size=&#8221;initial&#8221; background_position=&#8221;top_left&#8221; background_repeat=&#8221;repeat&#8221; text_orientation=&#8221;center&#8221; background_layout=&#8221;dark&#8221; use_border_color=&#8221;off&#8221; border_color=&#8221;#ffffff&#8221; border_width=&#8221;1px&#8221; border_style=&#8221;solid&#8221; image_max_width=&#8221;none&#8221; icon_font_size=&#8221;96px&#8221; use_circle=&#8221;off&#8221; use_circle_border=&#8221;off&#8221; circle_border_color=&#8221;#7EBEC5&#8243; circle_color=&#8221;#7EBEC5&#8243; global_colors_info=&#8221;{}&#8221;][\/et_pb_blurb][\/et_pb_column][\/et_pb_row][et_pb_row column_structure=&#8221;1_3,1_3,1_3&#8243; _builder_version=&#8221;4.27.4&#8243; background_size=&#8221;initial&#8221; background_position=&#8221;top_left&#8221; background_repeat=&#8221;repeat&#8221; custom_padding=&#8221;||||false|false&#8221; make_fullwidth=&#8221;off&#8221; use_custom_width=&#8221;off&#8221; width_unit=&#8221;off&#8221; custom_width_px=&#8221;1080px&#8221; custom_width_percent=&#8221;80%&#8221; global_colors_info=&#8221;{}&#8221;][et_pb_column type=&#8221;1_3&#8243; _builder_version=&#8221;4.16&#8243; custom_padding=&#8221;|||&#8221; global_colors_info=&#8221;{}&#8221; custom_padding__hover=&#8221;|||&#8221;][et_pb_blurb title=&#8221;CRICO BLACK&#8221; url=&#8221;https:\/\/cricoekszer.hu\/index.php\/crico-black\/&#8221; image=&#8221;https:\/\/cricoekszer.hu\/wp-content\/uploads\/2025\/09\/0159_Black-Rustic-feher_Mosoly-kovezett_Gorogek_061.jpg&#8221; image_icon_width=&#8221;none&#8221; _builder_version=&#8221;4.27.4&#8243; header_text_color=&#8221;#0F4C5C&#8221; body_line_height=&#8221;1em&#8221; background_size=&#8221;initial&#8221; background_position=&#8221;top_left&#8221; background_repeat=&#8221;repeat&#8221; text_orientation=&#8221;center&#8221; background_layout=&#8221;dark&#8221; use_border_color=&#8221;off&#8221; border_color=&#8221;#ffffff&#8221; border_width=&#8221;1px&#8221; border_style=&#8221;solid&#8221; image_max_width=&#8221;none&#8221; icon_font_size=&#8221;96px&#8221; use_circle=&#8221;off&#8221; use_circle_border=&#8221;off&#8221; circle_border_color=&#8221;#7EBEC5&#8243; circle_color=&#8221;#7EBEC5&#8243; global_colors_info=&#8221;{}&#8221;][\/et_pb_blurb][\/et_pb_column][et_pb_column type=&#8221;1_3&#8243; _builder_version=&#8221;4.16&#8243; custom_padding=&#8221;|||&#8221; global_colors_info=&#8221;{}&#8221; custom_padding__hover=&#8221;|||&#8221;][et_pb_blurb title=&#8221;CRICO SMOKE&#8221; url=&#8221;https:\/\/cricoekszer.hu\/index.php\/crico-smoke\/&#8221; image=&#8221;https:\/\/cricoekszer.hu\/wp-content\/uploads\/2025\/09\/060_Feher-SmokeDoloresz_023.jpg&#8221; image_icon_width=&#8221;none&#8221; _builder_version=&#8221;4.27.4&#8243; header_text_color=&#8221;#0F4C5C&#8221; header_line_height=&#8221;1.1em&#8221; body_line_height=&#8221;1em&#8221; background_size=&#8221;initial&#8221; background_position=&#8221;top_left&#8221; background_repeat=&#8221;repeat&#8221; text_orientation=&#8221;center&#8221; background_layout=&#8221;dark&#8221; use_border_color=&#8221;off&#8221; border_color=&#8221;#ffffff&#8221; border_width=&#8221;1px&#8221; border_style=&#8221;solid&#8221; image_max_width=&#8221;none&#8221; icon_font_size=&#8221;96px&#8221; use_circle=&#8221;off&#8221; use_circle_border=&#8221;off&#8221; circle_border_color=&#8221;#7EBEC5&#8243; circle_color=&#8221;#7EBEC5&#8243; global_colors_info=&#8221;{}&#8221;][\/et_pb_blurb][\/et_pb_column][et_pb_column type=&#8221;1_3&#8243; _builder_version=&#8221;4.16&#8243; custom_padding=&#8221;|||&#8221; global_colors_info=&#8221;{}&#8221; custom_padding__hover=&#8221;|||&#8221;][et_pb_blurb title=&#8221;CRICO MOCCA&#8221; url=&#8221;https:\/\/cricoekszer.hu\/index.php\/crico-mocca\/&#8221; image=&#8221;https:\/\/cricoekszer.hu\/wp-content\/uploads\/2025\/09\/089_Rose-rustic-Mocca_sork_Patocs-Aniko_007.jpg&#8221; image_icon_width=&#8221;none&#8221; _builder_version=&#8221;4.27.4&#8243; header_text_color=&#8221;#0F4C5C&#8221; body_line_height=&#8221;1em&#8221; background_size=&#8221;initial&#8221; background_position=&#8221;top_left&#8221; background_repeat=&#8221;repeat&#8221; text_orientation=&#8221;center&#8221; background_layout=&#8221;dark&#8221; use_border_color=&#8221;off&#8221; border_color=&#8221;#ffffff&#8221; border_width=&#8221;1px&#8221; border_style=&#8221;solid&#8221; image_max_width=&#8221;none&#8221; icon_font_size=&#8221;96px&#8221; use_circle=&#8221;off&#8221; use_circle_border=&#8221;off&#8221; circle_border_color=&#8221;#7EBEC5&#8243; circle_color=&#8221;#7EBEC5&#8243; global_colors_info=&#8221;{}&#8221;][\/et_pb_blurb][\/et_pb_column][\/et_pb_row][et_pb_row _builder_version=&#8221;4.27.4&#8243; _module_preset=&#8221;default&#8221; background_color=&#8221;#FFFFFF&#8221; custom_padding=&#8221;||||false|false&#8221; locked=&#8221;off&#8221; global_colors_info=&#8221;{}&#8221;][et_pb_column type=&#8221;4_4&#8243; _builder_version=&#8221;4.27.4&#8243; _module_preset=&#8221;default&#8221; global_colors_info=&#8221;{}&#8221;][et_pb_heading title=&#8221;A Crico \u00c9kszer igazodik hozz\u00e1d&#8221; _builder_version=&#8221;4.27.4&#8243; _module_preset=&#8221;default&#8221; title_text_align=&#8221;center&#8221; title_text_color=&#8221;#0F4C5C&#8221; background_color=&#8221;#FFFFFF&#8221; custom_margin=&#8221;||12px||false|false&#8221; hover_enabled=&#8221;0&#8243; global_colors_info=&#8221;{}&#8221; sticky_enabled=&#8221;0&#8243;][\/et_pb_heading][et_pb_text _builder_version=&#8221;4.27.4&#8243; _module_preset=&#8221;default&#8221; global_colors_info=&#8221;{}&#8221;]<\/p>\n<p style=\"text-align: center;\">A <strong>Bridal-set<\/strong>: A Crico \u00c9kszern\u00e9l k\u00e9rheted, hogy a m\u00e1r<span> meglev\u0151 \u2013 vagy ak\u00e1r az \u00e1ltalunk k\u00e9sz\u00edtett \u2013 eljegyz\u00e9si gy\u0171r\u0171dh\u00f6z <\/span><span>k\u00e9sz\u00edts\u00fcnk karikagy\u0171r\u0171t, ami pontosan k\u00f6veti az eljegyz\u00e9si \u00edv\u00e9t!\u00a0<\/span><\/p>\n<p>[\/et_pb_text][lwp_image_carousel gallery_ids=&#8221;31442,31440,31439,31438,31437,31436,31435,31434,31433,31432,31431,31430,31429&#8243; slides_show=&#8221;5&#8243; autoplay_animation=&#8221;on&#8221; infinite_animation=&#8221;on&#8221; arrow_color=&#8221;#0F4C5C&#8221; arrow_bg=&#8221;RGBA(255,255,255,0)&#8221; dots_color=&#8221;#0F4C5C&#8221; _builder_version=&#8221;4.27.4&#8243; _module_preset=&#8221;default&#8221; global_colors_info=&#8221;{}&#8221;][\/lwp_image_carousel][\/et_pb_column][\/et_pb_row][\/et_pb_section][et_pb_section fb_built=&#8221;1&#8243; _builder_version=&#8221;4.27.4&#8243; _module_preset=&#8221;default&#8221; custom_margin=&#8221;0px|0px|0px|0px|false|false&#8221; custom_padding=&#8221;0px|0px|0px|0px|false|false&#8221; locked=&#8221;off&#8221; global_colors_info=&#8221;{}&#8221;][et_pb_row _builder_version=&#8221;4.27.4&#8243; _module_preset=&#8221;default&#8221; global_colors_info=&#8221;{}&#8221;][et_pb_column type=&#8221;4_4&#8243; _builder_version=&#8221;4.27.4&#8243; _module_preset=&#8221;default&#8221; global_colors_info=&#8221;{}&#8221;][et_pb_divider show_divider=&#8221;off&#8221; _builder_version=&#8221;4.27.4&#8243; _module_preset=&#8221;default&#8221; min_height=&#8221;65px&#8221; height=&#8221;65px&#8221; max_height=&#8221;65px&#8221; global_colors_info=&#8221;{}&#8221;][\/et_pb_divider][\/et_pb_column][\/et_pb_row][\/et_pb_section]<\/p>\n","protected":false},"excerpt":{"rendered":"<p>Klasszikus, modern, romantikus \u00e9s k\u00fcl\u00f6nleges karikagy\u0171r\u0171k \u2013 pr\u00e9mium min\u0151s\u00e9gben, egyedi elk\u00e9pzel\u00e9seitek alapj\u00e1n, hogy ikonikus darabokk\u00e1 v\u00e1ljanak. A Crico \u00c9kszern\u00e9l hisz\u00fcnk abban, hogy az esk\u00fcv\u0151i gy\u0171r\u0171 nem csup\u00e1n \u00e9kszer, hanem egy \u00e9letre sz\u00f3l\u00f3 szimb\u00f3lum. Ez\u00e9rt minden darabot k\u00e9zzel, gondos odafigyel\u00e9ssel k\u00e9sz\u00edt\u00fcnk, a legmagasabb sz\u00ednvonalon. Minden gy\u0171r\u0171 14 vagy 18 kar\u00e1tos ros\u00e9-, s\u00e1rga-, feh\u00e9r- vagy ak\u00e1r pezsg\u0151sz\u00edn\u0171 [&hellip;]<\/p>\n","protected":false},"author":1,"featured_media":0,"parent":0,"menu_order":0,"comment_status":"closed","ping_status":"closed","template":"","meta":{"_et_pb_use_builder":"on","_et_pb_old_content":"","_et_gb_content_width":"","footnotes":""},"class_list":["post-29130","page","type-page","status-publish","hentry"],"yoast_head":"<!-- This site is optimized with the Yoast SEO plugin v27.0 - https:\/\/yoast.com\/product\/yoast-seo-wordpress\/ -->\n<title>Karikagy\u0171r\u0171k - Crico<\/title>\n<meta name=\"robots\" content=\"index, follow, max-snippet:-1, max-image-preview:large, max-video-preview:-1\" \/>\n<link rel=\"canonical\" href=\"https:\/\/cricoekszer.hu\/index.php\/karikagyuruk\/\" \/>\n<meta property=\"og:locale\" content=\"hu_HU\" \/>\n<meta property=\"og:type\" content=\"article\" \/>\n<meta property=\"og:title\" content=\"Karikagy\u0171r\u0171k - Crico\" \/>\n<meta property=\"og:description\" content=\"Klasszikus, modern, romantikus \u00e9s k\u00fcl\u00f6nleges karikagy\u0171r\u0171k \u2013 pr\u00e9mium min\u0151s\u00e9gben, egyedi elk\u00e9pzel\u00e9seitek alapj\u00e1n, hogy ikonikus darabokk\u00e1 v\u00e1ljanak. A Crico \u00c9kszern\u00e9l hisz\u00fcnk abban, hogy az esk\u00fcv\u0151i gy\u0171r\u0171 nem csup\u00e1n \u00e9kszer, hanem egy \u00e9letre sz\u00f3l\u00f3 szimb\u00f3lum. Ez\u00e9rt minden darabot k\u00e9zzel, gondos odafigyel\u00e9ssel k\u00e9sz\u00edt\u00fcnk, a legmagasabb sz\u00ednvonalon. Minden gy\u0171r\u0171 14 vagy 18 kar\u00e1tos ros\u00e9-, s\u00e1rga-, feh\u00e9r- vagy ak\u00e1r pezsg\u0151sz\u00edn\u0171 [&hellip;]\" \/>\n<meta property=\"og:url\" content=\"https:\/\/cricoekszer.hu\/index.php\/karikagyuruk\/\" \/>\n<meta property=\"og:site_name\" content=\"Crico\" \/>\n<meta property=\"article:publisher\" content=\"https:\/\/www.facebook.com\/cricojewelry\" \/>\n<meta property=\"article:modified_time\" content=\"2025-10-09T12:36:17+00:00\" \/>\n<meta property=\"og:image\" content=\"https:\/\/cricoekszer.hu\/wp-content\/uploads\/2017\/02\/Crico-logo_vastagabb-feh\u00e9r-kerettel_h\u00e1tt\u00e9r-n\u00e9lk\u00fcl_20-kicsi.png\" \/>\n\t<meta property=\"og:image:width\" content=\"454\" \/>\n\t<meta property=\"og:image:height\" content=\"454\" \/>\n\t<meta property=\"og:image:type\" content=\"image\/png\" \/>\n<meta name=\"twitter:card\" content=\"summary_large_image\" \/>\n<meta name=\"twitter:label1\" content=\"Becs\u00fclt olvas\u00e1si id\u0151\" \/>\n\t<meta name=\"twitter:data1\" content=\"8 perc\" \/>\n<script type=\"application\/ld+json\" class=\"yoast-schema-graph\">{\"@context\":\"https:\/\/schema.org\",\"@graph\":[{\"@type\":\"WebPage\",\"@id\":\"https:\/\/cricoekszer.hu\/index.php\/karikagyuruk\/\",\"url\":\"https:\/\/cricoekszer.hu\/index.php\/karikagyuruk\/\",\"name\":\"Karikagy\u0171r\u0171k - Crico\",\"isPartOf\":{\"@id\":\"https:\/\/cricoekszer.hu\/#website\"},\"datePublished\":\"2017-02-27T20:09:56+00:00\",\"dateModified\":\"2025-10-09T12:36:17+00:00\",\"breadcrumb\":{\"@id\":\"https:\/\/cricoekszer.hu\/index.php\/karikagyuruk\/#breadcrumb\"},\"inLanguage\":\"hu\",\"potentialAction\":[{\"@type\":\"ReadAction\",\"target\":[\"https:\/\/cricoekszer.hu\/index.php\/karikagyuruk\/\"]}]},{\"@type\":\"BreadcrumbList\",\"@id\":\"https:\/\/cricoekszer.hu\/index.php\/karikagyuruk\/#breadcrumb\",\"itemListElement\":[{\"@type\":\"ListItem\",\"position\":1,\"name\":\"Kezd\u0151lap\",\"item\":\"https:\/\/cricoekszer.hu\/\"},{\"@type\":\"ListItem\",\"position\":2,\"name\":\"Karikagy\u0171r\u0171k\"}]},{\"@type\":\"WebSite\",\"@id\":\"https:\/\/cricoekszer.hu\/#website\",\"url\":\"https:\/\/cricoekszer.hu\/\",\"name\":\"Crico\",\"description\":\"Egyedi gy\u00e9m\u00e1nt gy\u0171r\u0171k\",\"publisher\":{\"@id\":\"https:\/\/cricoekszer.hu\/#organization\"},\"potentialAction\":[{\"@type\":\"SearchAction\",\"target\":{\"@type\":\"EntryPoint\",\"urlTemplate\":\"https:\/\/cricoekszer.hu\/?s={search_term_string}\"},\"query-input\":{\"@type\":\"PropertyValueSpecification\",\"valueRequired\":true,\"valueName\":\"search_term_string\"}}],\"inLanguage\":\"hu\"},{\"@type\":\"Organization\",\"@id\":\"https:\/\/cricoekszer.hu\/#organization\",\"name\":\"CRICO \u00c9kszer\",\"url\":\"https:\/\/cricoekszer.hu\/\",\"logo\":{\"@type\":\"ImageObject\",\"inLanguage\":\"hu\",\"@id\":\"https:\/\/cricoekszer.hu\/#\/schema\/logo\/image\/\",\"url\":\"https:\/\/cricoekszer.hu\/wp-content\/uploads\/2017\/02\/Crico-logo_vastagabb-feh\u00e9r-kerettel_h\u00e1tt\u00e9r-n\u00e9lk\u00fcl_20-kicsi.png\",\"contentUrl\":\"https:\/\/cricoekszer.hu\/wp-content\/uploads\/2017\/02\/Crico-logo_vastagabb-feh\u00e9r-kerettel_h\u00e1tt\u00e9r-n\u00e9lk\u00fcl_20-kicsi.png\",\"width\":454,\"height\":454,\"caption\":\"CRICO \u00c9kszer\"},\"image\":{\"@id\":\"https:\/\/cricoekszer.hu\/#\/schema\/logo\/image\/\"},\"sameAs\":[\"https:\/\/www.facebook.com\/cricojewelry\"]}]}<\/script>\n<!-- \/ Yoast SEO plugin. -->","yoast_head_json":{"title":"Karikagy\u0171r\u0171k - Crico","robots":{"index":"index","follow":"follow","max-snippet":"max-snippet:-1","max-image-preview":"max-image-preview:large","max-video-preview":"max-video-preview:-1"},"canonical":"https:\/\/cricoekszer.hu\/index.php\/karikagyuruk\/","og_locale":"hu_HU","og_type":"article","og_title":"Karikagy\u0171r\u0171k - Crico","og_description":"Klasszikus, modern, romantikus \u00e9s k\u00fcl\u00f6nleges karikagy\u0171r\u0171k \u2013 pr\u00e9mium min\u0151s\u00e9gben, egyedi elk\u00e9pzel\u00e9seitek alapj\u00e1n, hogy ikonikus darabokk\u00e1 v\u00e1ljanak. A Crico \u00c9kszern\u00e9l hisz\u00fcnk abban, hogy az esk\u00fcv\u0151i gy\u0171r\u0171 nem csup\u00e1n \u00e9kszer, hanem egy \u00e9letre sz\u00f3l\u00f3 szimb\u00f3lum. Ez\u00e9rt minden darabot k\u00e9zzel, gondos odafigyel\u00e9ssel k\u00e9sz\u00edt\u00fcnk, a legmagasabb sz\u00ednvonalon. Minden gy\u0171r\u0171 14 vagy 18 kar\u00e1tos ros\u00e9-, s\u00e1rga-, feh\u00e9r- vagy ak\u00e1r pezsg\u0151sz\u00edn\u0171 [&hellip;]","og_url":"https:\/\/cricoekszer.hu\/index.php\/karikagyuruk\/","og_site_name":"Crico","article_publisher":"https:\/\/www.facebook.com\/cricojewelry","article_modified_time":"2025-10-09T12:36:17+00:00","og_image":[{"width":454,"height":454,"url":"https:\/\/cricoekszer.hu\/wp-content\/uploads\/2017\/02\/Crico-logo_vastagabb-feh\u00e9r-kerettel_h\u00e1tt\u00e9r-n\u00e9lk\u00fcl_20-kicsi.png","type":"image\/png"}],"twitter_card":"summary_large_image","twitter_misc":{"Becs\u00fclt olvas\u00e1si id\u0151":"8 perc"},"schema":{"@context":"https:\/\/schema.org","@graph":[{"@type":"WebPage","@id":"https:\/\/cricoekszer.hu\/index.php\/karikagyuruk\/","url":"https:\/\/cricoekszer.hu\/index.php\/karikagyuruk\/","name":"Karikagy\u0171r\u0171k - Crico","isPartOf":{"@id":"https:\/\/cricoekszer.hu\/#website"},"datePublished":"2017-02-27T20:09:56+00:00","dateModified":"2025-10-09T12:36:17+00:00","breadcrumb":{"@id":"https:\/\/cricoekszer.hu\/index.php\/karikagyuruk\/#breadcrumb"},"inLanguage":"hu","potentialAction":[{"@type":"ReadAction","target":["https:\/\/cricoekszer.hu\/index.php\/karikagyuruk\/"]}]},{"@type":"BreadcrumbList","@id":"https:\/\/cricoekszer.hu\/index.php\/karikagyuruk\/#breadcrumb","itemListElement":[{"@type":"ListItem","position":1,"name":"Kezd\u0151lap","item":"https:\/\/cricoekszer.hu\/"},{"@type":"ListItem","position":2,"name":"Karikagy\u0171r\u0171k"}]},{"@type":"WebSite","@id":"https:\/\/cricoekszer.hu\/#website","url":"https:\/\/cricoekszer.hu\/","name":"Crico","description":"Egyedi gy\u00e9m\u00e1nt gy\u0171r\u0171k","publisher":{"@id":"https:\/\/cricoekszer.hu\/#organization"},"potentialAction":[{"@type":"SearchAction","target":{"@type":"EntryPoint","urlTemplate":"https:\/\/cricoekszer.hu\/?s={search_term_string}"},"query-input":{"@type":"PropertyValueSpecification","valueRequired":true,"valueName":"search_term_string"}}],"inLanguage":"hu"},{"@type":"Organization","@id":"https:\/\/cricoekszer.hu\/#organization","name":"CRICO \u00c9kszer","url":"https:\/\/cricoekszer.hu\/","logo":{"@type":"ImageObject","inLanguage":"hu","@id":"https:\/\/cricoekszer.hu\/#\/schema\/logo\/image\/","url":"https:\/\/cricoekszer.hu\/wp-content\/uploads\/2017\/02\/Crico-logo_vastagabb-feh\u00e9r-kerettel_h\u00e1tt\u00e9r-n\u00e9lk\u00fcl_20-kicsi.png","contentUrl":"https:\/\/cricoekszer.hu\/wp-content\/uploads\/2017\/02\/Crico-logo_vastagabb-feh\u00e9r-kerettel_h\u00e1tt\u00e9r-n\u00e9lk\u00fcl_20-kicsi.png","width":454,"height":454,"caption":"CRICO \u00c9kszer"},"image":{"@id":"https:\/\/cricoekszer.hu\/#\/schema\/logo\/image\/"},"sameAs":["https:\/\/www.facebook.com\/cricojewelry"]}]}},"_links":{"self":[{"href":"https:\/\/cricoekszer.hu\/index.php\/wp-json\/wp\/v2\/pages\/29130","targetHints":{"allow":["GET"]}}],"collection":[{"href":"https:\/\/cricoekszer.hu\/index.php\/wp-json\/wp\/v2\/pages"}],"about":[{"href":"https:\/\/cricoekszer.hu\/index.php\/wp-json\/wp\/v2\/types\/page"}],"author":[{"embeddable":true,"href":"https:\/\/cricoekszer.hu\/index.php\/wp-json\/wp\/v2\/users\/1"}],"replies":[{"embeddable":true,"href":"https:\/\/cricoekszer.hu\/index.php\/wp-json\/wp\/v2\/comments?post=29130"}],"version-history":[{"count":126,"href":"https:\/\/cricoekszer.hu\/index.php\/wp-json\/wp\/v2\/pages\/29130\/revisions"}],"predecessor-version":[{"id":31687,"href":"https:\/\/cricoekszer.hu\/index.php\/wp-json\/wp\/v2\/pages\/29130\/revisions\/31687"}],"wp:attachment":[{"href":"https:\/\/cricoekszer.hu\/index.php\/wp-json\/wp\/v2\/media?parent=29130"}],"curies":[{"name":"wp","href":"https:\/\/api.w.org\/{rel}","templated":true}]}}