{"id":29120,"date":"2017-02-27T21:08:37","date_gmt":"2017-02-27T20:08:37","guid":{"rendered":"http:\/\/cricoekszer.hu\/?page_id=29120"},"modified":"2026-02-26T13:05:08","modified_gmt":"2026-02-26T12:05:08","slug":"eljegyzesi-gyuruk","status":"publish","type":"page","link":"https:\/\/cricoekszer.hu\/index.php\/eljegyzesi-gyuruk\/","title":{"rendered":"Eljegyz\u00e9si gy\u0171r\u0171k"},"content":{"rendered":"<p>[et_pb_section fb_built=&#8221;1&#8243; custom_padding_last_edited=&#8221;on|desktop&#8221; disabled_on=&#8221;off|off|&#8221; admin_label=&#8221;section&#8221; _builder_version=&#8221;4.27.4&#8243; background_color=&#8221;#FFFFFF&#8221; custom_padding_tablet=&#8221;50px|0|50px|0&#8243; custom_padding_phone=&#8221;50px|0|50px|0&#8243; transparent_background=&#8221;off&#8221; padding_mobile=&#8221;off&#8221; make_fullwidth=&#8221;off&#8221; use_custom_width=&#8221;off&#8221; width_unit=&#8221;off&#8221; custom_width_px=&#8221;1080px&#8221; custom_width_percent=&#8221;80%&#8221; global_colors_info=&#8221;{}&#8221;][et_pb_row padding_mobile=&#8221;off&#8221; column_padding_mobile=&#8221;on&#8221; admin_label=&#8221;row&#8221; _builder_version=&#8221;4.16&#8243; background_size=&#8221;initial&#8221; background_position=&#8221;top_left&#8221; background_repeat=&#8221;repeat&#8221; make_fullwidth=&#8221;off&#8221; use_custom_width=&#8221;off&#8221; width_unit=&#8221;off&#8221; custom_width_px=&#8221;1080px&#8221; custom_width_percent=&#8221;80%&#8221; global_colors_info=&#8221;{}&#8221;][et_pb_column type=&#8221;4_4&#8243; _builder_version=&#8221;4.16&#8243; custom_padding=&#8221;|||&#8221; global_colors_info=&#8221;{}&#8221; custom_padding__hover=&#8221;|||&#8221;][et_pb_heading title=&#8221;eljegyz\u00e9si gy\u0171r\u0171k&#8221; _builder_version=&#8221;4.27.4&#8243; _module_preset=&#8221;default&#8221; title_font=&#8221;|||on|||||&#8221; title_text_align=&#8221;center&#8221; title_text_color=&#8221;#0F4C5C&#8221; title_line_height=&#8221;1.4em&#8221; locked=&#8221;off&#8221; global_colors_info=&#8221;{}&#8221;][\/et_pb_heading][\/et_pb_column][\/et_pb_row][et_pb_row padding_mobile=&#8221;off&#8221; column_padding_mobile=&#8221;on&#8221; admin_label=&#8221;row&#8221; _builder_version=&#8221;4.27.4&#8243; background_size=&#8221;initial&#8221; background_position=&#8221;top_left&#8221; background_repeat=&#8221;repeat&#8221; make_fullwidth=&#8221;off&#8221; use_custom_width=&#8221;off&#8221; width_unit=&#8221;off&#8221; custom_width_px=&#8221;1080px&#8221; custom_width_percent=&#8221;80%&#8221; global_colors_info=&#8221;{}&#8221;][et_pb_column type=&#8221;4_4&#8243; _builder_version=&#8221;4.16&#8243; custom_padding=&#8221;|||&#8221; global_colors_info=&#8221;{}&#8221; custom_padding__hover=&#8221;|||&#8221;][et_pb_text admin_label=&#8221;Sz\u00f6veg&#8221; _builder_version=&#8221;4.27.4&#8243; text_text_color=&#8221;#0F4C5C&#8221; background_size=&#8221;initial&#8221; background_position=&#8221;top_left&#8221; background_repeat=&#8221;repeat&#8221; text_orientation=&#8221;justified&#8221; background_layout=&#8221;dark&#8221; use_border_color=&#8221;off&#8221; border_style=&#8221;solid&#8221; global_colors_info=&#8221;{}&#8221;]<\/p>\n<p><span style=\"color: #000000;\">Minden k\u00f6z\u00f6s t\u00f6rt\u00e9net itt kezd\u0151dik: egy eljegyz\u00e9si gy\u0171r\u0171vel, amely m\u00e9lt\u00f3n fejezi ki szerelmedet \u00e9s \u00f6r\u00f6kre eml\u00e9kezetess\u00e9 teszi a pillanatot.<\/span><\/p>\n<p><span style=\"color: #000000;\">Eljegyz\u00e9si gy\u0171r\u0171inket 14 vagy 18 kar\u00e1tos ros\u00e9-, s\u00e1rga-, feh\u00e9r- vagy ak\u00e1r pezsg\u0151sz\u00edn\u0171 aranyb\u00f3l k\u00e9sz\u00edtj\u00fck, hogy t\u00f6k\u00e9letesen illeszkedjenek az \u00e1ltalad meg\u00e1lmodott st\u00edlushoz. Fix kollekci\u00f3nk darabjait k\u00fcl\u00f6n aloldalon tal\u00e1lod k\u00e9pekkel \u00e9s \u00e1rakkal \u2013 ezekn\u00e9l szabadon v\u00e1laszthatod az arany sz\u00edn\u00e9t, a k\u00f6vek t\u00edpus\u00e1t, s\u0151t bizonyos esetekben m\u00e9g a m\u00e9ret\u00fcket is m\u00f3dos\u00edthatod.<\/span><\/p>\n<p><span style=\"color: #000000;\">Ha gyors \u00e9s biztos megold\u00e1st keresel, a kollekci\u00f3s gy\u0171r\u0171k elk\u00e9sz\u00edt\u00e9si ideje \u00e1ltal\u00e1ban 2\u20133 h\u00e9t. Ha pedig teljesen egyedi elk\u00e9pzel\u00e9st szeretn\u00e9l megval\u00f3s\u00edtani, szem\u00e9lyre szabott tervez\u00e9st is k\u00edn\u00e1lunk. Az \u00edgy sz\u00fclet\u0151 darabok igazi egyedi \u00e9kszerek, amelyekhez t\u00f6bb id\u0151re van sz\u00fcks\u00e9g \u2013 elk\u00e9sz\u00edt\u00e9s\u00fck \u00e1ltal\u00e1ban 4\u20136 h\u00e9t.<\/span><\/p>\n<p><span style=\"color: #000000;\">Ak\u00e1r a kollekci\u00f3b\u00f3l v\u00e1lasztasz, ak\u00e1r egyedi gy\u0171r\u0171t terveztetsz, biztos lehetsz benne, hogy minden darab gondos k\u00e9zimunk\u00e1val, a legmagasabb sz\u00ednvonalon k\u00e9sz\u00fcl el, hogy \u00f6r\u00f6kk\u00e9 \u0151rizze k\u00f6z\u00f6s t\u00f6rt\u00e9neted ragyog\u00e1s\u00e1t.<\/span><\/p>\n<p>[\/et_pb_text][et_pb_gallery gallery_ids=&#8221;31378,31360,32355,31361,31367,31364,31366,31373,31376,31370,31372,31368,31365,31381,31374,31382,31375,31377,31380,31363,31362,31369,31371,31379&#8243; posts_number=&#8221;50&#8243; show_title_and_caption=&#8221;off&#8221; show_pagination=&#8221;off&#8221; _builder_version=&#8221;4.27.5&#8243; _module_preset=&#8221;default&#8221; hover_enabled=&#8221;0&#8243; global_colors_info=&#8221;{}&#8221; sticky_enabled=&#8221;0&#8243;][\/et_pb_gallery][\/et_pb_column][\/et_pb_row][\/et_pb_section][et_pb_section fb_built=&#8221;1&#8243; custom_padding_last_edited=&#8221;on|desktop&#8221; disabled_on=&#8221;off|off|&#8221; admin_label=&#8221;section&#8221; _builder_version=&#8221;4.27.4&#8243; background_color=&#8221;#FFFFFF&#8221; custom_padding_tablet=&#8221;50px|0|50px|0&#8243; custom_padding_phone=&#8221;50px|0|50px|0&#8243; transparent_background=&#8221;off&#8221; padding_mobile=&#8221;off&#8221; make_fullwidth=&#8221;off&#8221; use_custom_width=&#8221;off&#8221; width_unit=&#8221;off&#8221; custom_width_px=&#8221;1080px&#8221; custom_width_percent=&#8221;80%&#8221; global_colors_info=&#8221;{}&#8221;][et_pb_row padding_mobile=&#8221;off&#8221; column_padding_mobile=&#8221;on&#8221; admin_label=&#8221;row&#8221; _builder_version=&#8221;4.16&#8243; background_size=&#8221;initial&#8221; background_position=&#8221;top_left&#8221; background_repeat=&#8221;repeat&#8221; make_fullwidth=&#8221;off&#8221; use_custom_width=&#8221;off&#8221; width_unit=&#8221;off&#8221; custom_width_px=&#8221;1080px&#8221; custom_width_percent=&#8221;80%&#8221; global_colors_info=&#8221;{}&#8221;][et_pb_column type=&#8221;4_4&#8243; _builder_version=&#8221;4.16&#8243; custom_padding=&#8221;|||&#8221; global_colors_info=&#8221;{}&#8221; custom_padding__hover=&#8221;|||&#8221;][et_pb_heading title=&#8221;kor\u00e1bbi munk\u00e1ink&#8221; _builder_version=&#8221;4.27.4&#8243; _module_preset=&#8221;default&#8221; title_font=&#8221;|||on|||||&#8221; title_text_align=&#8221;center&#8221; title_text_color=&#8221;#0F4C5C&#8221; title_line_height=&#8221;1.4em&#8221; locked=&#8221;off&#8221; global_colors_info=&#8221;{}&#8221;][\/et_pb_heading][\/et_pb_column][\/et_pb_row][et_pb_row padding_mobile=&#8221;off&#8221; column_padding_mobile=&#8221;on&#8221; admin_label=&#8221;row&#8221; _builder_version=&#8221;4.27.4&#8243; background_size=&#8221;initial&#8221; background_position=&#8221;top_left&#8221; background_repeat=&#8221;repeat&#8221; make_fullwidth=&#8221;off&#8221; use_custom_width=&#8221;off&#8221; width_unit=&#8221;off&#8221; custom_width_px=&#8221;1080px&#8221; custom_width_percent=&#8221;80%&#8221; global_colors_info=&#8221;{}&#8221;][et_pb_column type=&#8221;4_4&#8243; _builder_version=&#8221;4.16&#8243; custom_padding=&#8221;|||&#8221; global_colors_info=&#8221;{}&#8221; custom_padding__hover=&#8221;|||&#8221;][et_pb_gallery gallery_ids=&#8221;32160,32170,32171,32166,32165,32169,32167,32168,32172,32173,32174&#8243; posts_number=&#8221;50&#8243; show_title_and_caption=&#8221;off&#8221; show_pagination=&#8221;off&#8221; _builder_version=&#8221;4.27.4&#8243; _module_preset=&#8221;default&#8221; global_colors_info=&#8221;{}&#8221;][\/et_pb_gallery][\/et_pb_column][\/et_pb_row][\/et_pb_section][et_pb_section fb_built=&#8221;1&#8243; _builder_version=&#8221;4.27.4&#8243; _module_preset=&#8221;default&#8221; custom_margin=&#8221;0px|0px|0px|0px|false|false&#8221; custom_padding=&#8221;0px|0px|0px|0px|false|false&#8221; locked=&#8221;off&#8221; global_colors_info=&#8221;{}&#8221;][et_pb_row _builder_version=&#8221;4.27.4&#8243; _module_preset=&#8221;default&#8221; global_colors_info=&#8221;{}&#8221;][et_pb_column type=&#8221;4_4&#8243; _builder_version=&#8221;4.27.4&#8243; _module_preset=&#8221;default&#8221; global_colors_info=&#8221;{}&#8221;][et_pb_divider show_divider=&#8221;off&#8221; _builder_version=&#8221;4.27.4&#8243; _module_preset=&#8221;default&#8221; min_height=&#8221;65px&#8221; height=&#8221;65px&#8221; max_height=&#8221;65px&#8221; global_colors_info=&#8221;{}&#8221;][\/et_pb_divider][\/et_pb_column][\/et_pb_row][\/et_pb_section]<\/p>\n","protected":false},"excerpt":{"rendered":"<p>Minden k\u00f6z\u00f6s t\u00f6rt\u00e9net itt kezd\u0151dik: egy eljegyz\u00e9si gy\u0171r\u0171vel, amely m\u00e9lt\u00f3n fejezi ki szerelmedet \u00e9s \u00f6r\u00f6kre eml\u00e9kezetess\u00e9 teszi a pillanatot. Eljegyz\u00e9si gy\u0171r\u0171inket 14 vagy 18 kar\u00e1tos ros\u00e9-, s\u00e1rga-, feh\u00e9r- vagy ak\u00e1r pezsg\u0151sz\u00edn\u0171 aranyb\u00f3l k\u00e9sz\u00edtj\u00fck, hogy t\u00f6k\u00e9letesen illeszkedjenek az \u00e1ltalad meg\u00e1lmodott st\u00edlushoz. Fix kollekci\u00f3nk darabjait k\u00fcl\u00f6n aloldalon tal\u00e1lod k\u00e9pekkel \u00e9s \u00e1rakkal \u2013 ezekn\u00e9l szabadon v\u00e1laszthatod az arany [&hellip;]<\/p>\n","protected":false},"author":1,"featured_media":0,"parent":0,"menu_order":0,"comment_status":"closed","ping_status":"closed","template":"","meta":{"_et_pb_use_builder":"on","_et_pb_old_content":"","_et_gb_content_width":"","footnotes":""},"class_list":["post-29120","page","type-page","status-publish","hentry"],"yoast_head":"<!-- This site is optimized with the Yoast SEO plugin v27.0 - https:\/\/yoast.com\/product\/yoast-seo-wordpress\/ -->\n<title>Eljegyz\u00e9si gy\u0171r\u0171k - Crico<\/title>\n<meta name=\"robots\" content=\"index, follow, max-snippet:-1, max-image-preview:large, max-video-preview:-1\" \/>\n<link rel=\"canonical\" href=\"https:\/\/cricoekszer.hu\/index.php\/eljegyzesi-gyuruk\/\" \/>\n<meta property=\"og:locale\" content=\"hu_HU\" \/>\n<meta property=\"og:type\" content=\"article\" \/>\n<meta property=\"og:title\" content=\"Eljegyz\u00e9si gy\u0171r\u0171k - Crico\" \/>\n<meta property=\"og:description\" content=\"Minden k\u00f6z\u00f6s t\u00f6rt\u00e9net itt kezd\u0151dik: egy eljegyz\u00e9si gy\u0171r\u0171vel, amely m\u00e9lt\u00f3n fejezi ki szerelmedet \u00e9s \u00f6r\u00f6kre eml\u00e9kezetess\u00e9 teszi a pillanatot. Eljegyz\u00e9si gy\u0171r\u0171inket 14 vagy 18 kar\u00e1tos ros\u00e9-, s\u00e1rga-, feh\u00e9r- vagy ak\u00e1r pezsg\u0151sz\u00edn\u0171 aranyb\u00f3l k\u00e9sz\u00edtj\u00fck, hogy t\u00f6k\u00e9letesen illeszkedjenek az \u00e1ltalad meg\u00e1lmodott st\u00edlushoz. Fix kollekci\u00f3nk darabjait k\u00fcl\u00f6n aloldalon tal\u00e1lod k\u00e9pekkel \u00e9s \u00e1rakkal \u2013 ezekn\u00e9l szabadon v\u00e1laszthatod az arany [&hellip;]\" \/>\n<meta property=\"og:url\" content=\"https:\/\/cricoekszer.hu\/index.php\/eljegyzesi-gyuruk\/\" \/>\n<meta property=\"og:site_name\" content=\"Crico\" \/>\n<meta property=\"article:publisher\" content=\"https:\/\/www.facebook.com\/cricojewelry\" \/>\n<meta property=\"article:modified_time\" content=\"2026-02-26T12:05:08+00:00\" \/>\n<meta property=\"og:image\" content=\"https:\/\/cricoekszer.hu\/wp-content\/uploads\/2017\/02\/Crico-logo_vastagabb-feh\u00e9r-kerettel_h\u00e1tt\u00e9r-n\u00e9lk\u00fcl_20-kicsi.png\" \/>\n\t<meta property=\"og:image:width\" content=\"454\" \/>\n\t<meta property=\"og:image:height\" content=\"454\" \/>\n\t<meta property=\"og:image:type\" content=\"image\/png\" \/>\n<meta name=\"twitter:card\" content=\"summary_large_image\" \/>\n<meta name=\"twitter:label1\" content=\"Becs\u00fclt olvas\u00e1si id\u0151\" \/>\n\t<meta name=\"twitter:data1\" content=\"9 perc\" \/>\n<script type=\"application\/ld+json\" class=\"yoast-schema-graph\">{\"@context\":\"https:\/\/schema.org\",\"@graph\":[{\"@type\":\"WebPage\",\"@id\":\"https:\/\/cricoekszer.hu\/index.php\/eljegyzesi-gyuruk\/\",\"url\":\"https:\/\/cricoekszer.hu\/index.php\/eljegyzesi-gyuruk\/\",\"name\":\"Eljegyz\u00e9si gy\u0171r\u0171k - Crico\",\"isPartOf\":{\"@id\":\"https:\/\/cricoekszer.hu\/#website\"},\"datePublished\":\"2017-02-27T20:08:37+00:00\",\"dateModified\":\"2026-02-26T12:05:08+00:00\",\"breadcrumb\":{\"@id\":\"https:\/\/cricoekszer.hu\/index.php\/eljegyzesi-gyuruk\/#breadcrumb\"},\"inLanguage\":\"hu\",\"potentialAction\":[{\"@type\":\"ReadAction\",\"target\":[\"https:\/\/cricoekszer.hu\/index.php\/eljegyzesi-gyuruk\/\"]}]},{\"@type\":\"BreadcrumbList\",\"@id\":\"https:\/\/cricoekszer.hu\/index.php\/eljegyzesi-gyuruk\/#breadcrumb\",\"itemListElement\":[{\"@type\":\"ListItem\",\"position\":1,\"name\":\"Kezd\u0151lap\",\"item\":\"https:\/\/cricoekszer.hu\/\"},{\"@type\":\"ListItem\",\"position\":2,\"name\":\"Eljegyz\u00e9si gy\u0171r\u0171k\"}]},{\"@type\":\"WebSite\",\"@id\":\"https:\/\/cricoekszer.hu\/#website\",\"url\":\"https:\/\/cricoekszer.hu\/\",\"name\":\"Crico\",\"description\":\"Egyedi gy\u00e9m\u00e1nt gy\u0171r\u0171k\",\"publisher\":{\"@id\":\"https:\/\/cricoekszer.hu\/#organization\"},\"potentialAction\":[{\"@type\":\"SearchAction\",\"target\":{\"@type\":\"EntryPoint\",\"urlTemplate\":\"https:\/\/cricoekszer.hu\/?s={search_term_string}\"},\"query-input\":{\"@type\":\"PropertyValueSpecification\",\"valueRequired\":true,\"valueName\":\"search_term_string\"}}],\"inLanguage\":\"hu\"},{\"@type\":\"Organization\",\"@id\":\"https:\/\/cricoekszer.hu\/#organization\",\"name\":\"CRICO \u00c9kszer\",\"url\":\"https:\/\/cricoekszer.hu\/\",\"logo\":{\"@type\":\"ImageObject\",\"inLanguage\":\"hu\",\"@id\":\"https:\/\/cricoekszer.hu\/#\/schema\/logo\/image\/\",\"url\":\"https:\/\/cricoekszer.hu\/wp-content\/uploads\/2017\/02\/Crico-logo_vastagabb-feh\u00e9r-kerettel_h\u00e1tt\u00e9r-n\u00e9lk\u00fcl_20-kicsi.png\",\"contentUrl\":\"https:\/\/cricoekszer.hu\/wp-content\/uploads\/2017\/02\/Crico-logo_vastagabb-feh\u00e9r-kerettel_h\u00e1tt\u00e9r-n\u00e9lk\u00fcl_20-kicsi.png\",\"width\":454,\"height\":454,\"caption\":\"CRICO \u00c9kszer\"},\"image\":{\"@id\":\"https:\/\/cricoekszer.hu\/#\/schema\/logo\/image\/\"},\"sameAs\":[\"https:\/\/www.facebook.com\/cricojewelry\"]}]}<\/script>\n<!-- \/ Yoast SEO plugin. -->","yoast_head_json":{"title":"Eljegyz\u00e9si gy\u0171r\u0171k - Crico","robots":{"index":"index","follow":"follow","max-snippet":"max-snippet:-1","max-image-preview":"max-image-preview:large","max-video-preview":"max-video-preview:-1"},"canonical":"https:\/\/cricoekszer.hu\/index.php\/eljegyzesi-gyuruk\/","og_locale":"hu_HU","og_type":"article","og_title":"Eljegyz\u00e9si gy\u0171r\u0171k - Crico","og_description":"Minden k\u00f6z\u00f6s t\u00f6rt\u00e9net itt kezd\u0151dik: egy eljegyz\u00e9si gy\u0171r\u0171vel, amely m\u00e9lt\u00f3n fejezi ki szerelmedet \u00e9s \u00f6r\u00f6kre eml\u00e9kezetess\u00e9 teszi a pillanatot. Eljegyz\u00e9si gy\u0171r\u0171inket 14 vagy 18 kar\u00e1tos ros\u00e9-, s\u00e1rga-, feh\u00e9r- vagy ak\u00e1r pezsg\u0151sz\u00edn\u0171 aranyb\u00f3l k\u00e9sz\u00edtj\u00fck, hogy t\u00f6k\u00e9letesen illeszkedjenek az \u00e1ltalad meg\u00e1lmodott st\u00edlushoz. Fix kollekci\u00f3nk darabjait k\u00fcl\u00f6n aloldalon tal\u00e1lod k\u00e9pekkel \u00e9s \u00e1rakkal \u2013 ezekn\u00e9l szabadon v\u00e1laszthatod az arany [&hellip;]","og_url":"https:\/\/cricoekszer.hu\/index.php\/eljegyzesi-gyuruk\/","og_site_name":"Crico","article_publisher":"https:\/\/www.facebook.com\/cricojewelry","article_modified_time":"2026-02-26T12:05:08+00:00","og_image":[{"width":454,"height":454,"url":"https:\/\/cricoekszer.hu\/wp-content\/uploads\/2017\/02\/Crico-logo_vastagabb-feh\u00e9r-kerettel_h\u00e1tt\u00e9r-n\u00e9lk\u00fcl_20-kicsi.png","type":"image\/png"}],"twitter_card":"summary_large_image","twitter_misc":{"Becs\u00fclt olvas\u00e1si id\u0151":"9 perc"},"schema":{"@context":"https:\/\/schema.org","@graph":[{"@type":"WebPage","@id":"https:\/\/cricoekszer.hu\/index.php\/eljegyzesi-gyuruk\/","url":"https:\/\/cricoekszer.hu\/index.php\/eljegyzesi-gyuruk\/","name":"Eljegyz\u00e9si gy\u0171r\u0171k - Crico","isPartOf":{"@id":"https:\/\/cricoekszer.hu\/#website"},"datePublished":"2017-02-27T20:08:37+00:00","dateModified":"2026-02-26T12:05:08+00:00","breadcrumb":{"@id":"https:\/\/cricoekszer.hu\/index.php\/eljegyzesi-gyuruk\/#breadcrumb"},"inLanguage":"hu","potentialAction":[{"@type":"ReadAction","target":["https:\/\/cricoekszer.hu\/index.php\/eljegyzesi-gyuruk\/"]}]},{"@type":"BreadcrumbList","@id":"https:\/\/cricoekszer.hu\/index.php\/eljegyzesi-gyuruk\/#breadcrumb","itemListElement":[{"@type":"ListItem","position":1,"name":"Kezd\u0151lap","item":"https:\/\/cricoekszer.hu\/"},{"@type":"ListItem","position":2,"name":"Eljegyz\u00e9si gy\u0171r\u0171k"}]},{"@type":"WebSite","@id":"https:\/\/cricoekszer.hu\/#website","url":"https:\/\/cricoekszer.hu\/","name":"Crico","description":"Egyedi gy\u00e9m\u00e1nt gy\u0171r\u0171k","publisher":{"@id":"https:\/\/cricoekszer.hu\/#organization"},"potentialAction":[{"@type":"SearchAction","target":{"@type":"EntryPoint","urlTemplate":"https:\/\/cricoekszer.hu\/?s={search_term_string}"},"query-input":{"@type":"PropertyValueSpecification","valueRequired":true,"valueName":"search_term_string"}}],"inLanguage":"hu"},{"@type":"Organization","@id":"https:\/\/cricoekszer.hu\/#organization","name":"CRICO \u00c9kszer","url":"https:\/\/cricoekszer.hu\/","logo":{"@type":"ImageObject","inLanguage":"hu","@id":"https:\/\/cricoekszer.hu\/#\/schema\/logo\/image\/","url":"https:\/\/cricoekszer.hu\/wp-content\/uploads\/2017\/02\/Crico-logo_vastagabb-feh\u00e9r-kerettel_h\u00e1tt\u00e9r-n\u00e9lk\u00fcl_20-kicsi.png","contentUrl":"https:\/\/cricoekszer.hu\/wp-content\/uploads\/2017\/02\/Crico-logo_vastagabb-feh\u00e9r-kerettel_h\u00e1tt\u00e9r-n\u00e9lk\u00fcl_20-kicsi.png","width":454,"height":454,"caption":"CRICO \u00c9kszer"},"image":{"@id":"https:\/\/cricoekszer.hu\/#\/schema\/logo\/image\/"},"sameAs":["https:\/\/www.facebook.com\/cricojewelry"]}]}},"_links":{"self":[{"href":"https:\/\/cricoekszer.hu\/index.php\/wp-json\/wp\/v2\/pages\/29120","targetHints":{"allow":["GET"]}}],"collection":[{"href":"https:\/\/cricoekszer.hu\/index.php\/wp-json\/wp\/v2\/pages"}],"about":[{"href":"https:\/\/cricoekszer.hu\/index.php\/wp-json\/wp\/v2\/types\/page"}],"author":[{"embeddable":true,"href":"https:\/\/cricoekszer.hu\/index.php\/wp-json\/wp\/v2\/users\/1"}],"replies":[{"embeddable":true,"href":"https:\/\/cricoekszer.hu\/index.php\/wp-json\/wp\/v2\/comments?post=29120"}],"version-history":[{"count":45,"href":"https:\/\/cricoekszer.hu\/index.php\/wp-json\/wp\/v2\/pages\/29120\/revisions"}],"predecessor-version":[{"id":32369,"href":"https:\/\/cricoekszer.hu\/index.php\/wp-json\/wp\/v2\/pages\/29120\/revisions\/32369"}],"wp:attachment":[{"href":"https:\/\/cricoekszer.hu\/index.php\/wp-json\/wp\/v2\/media?parent=29120"}],"curies":[{"name":"wp","href":"https:\/\/api.w.org\/{rel}","templated":true}]}}